{"id":2396,"date":"2025-09-09T10:18:29","date_gmt":"2025-09-09T08:18:29","guid":{"rendered":"https:\/\/forumobywatelskie.transportgzm.pl\/?page_id=2396"},"modified":"2025-09-09T12:47:38","modified_gmt":"2025-09-09T10:47:38","slug":"deklaracja-dostepnosci-3","status":"publish","type":"page","link":"https:\/\/forumobywatelskie.transportgzm.pl\/index.php\/deklaracja-dostepnosci-3\/","title":{"rendered":"Deklaracja Dost\u0119pno\u015bci"},"content":{"rendered":"\t\t<div data-elementor-type=\"wp-page\" data-elementor-id=\"2396\" class=\"elementor elementor-2396\">\n\t\t\t\t<div class=\"elementor-element elementor-element-49d241c e-flex e-con-boxed e-con e-parent\" data-id=\"49d241c\" data-element_type=\"container\" data-e-type=\"container\">\n\t\t\t\t\t<div class=\"e-con-inner\">\n\t\t\t\t<div class=\"elementor-element elementor-element-6360165d elementor-widget elementor-widget-text-editor\" data-id=\"6360165d\" data-element_type=\"widget\" data-e-type=\"widget\" data-widget_type=\"text-editor.default\">\n\t\t\t\t<div class=\"elementor-widget-container\">\n\t\t\t\t\t\t\t\t\t<h1 id=\"a11y-deklaracja\"><span style=\"color: #333333;\">Deklaracja Dost\u0119pno\u015bci<\/span><\/h1>\n<section id=\"a11y-wstep\">\n<p align=\"justify\"><span style=\"color: #333333;\"><span id=\"a11y-podmiot\">G\u00f3rno\u015bl\u0105sko-Zag\u0142\u0119biowska Metropolia (GZM)<\/span> zobowi\u0105zuje si\u0119 zapewni\u0107 dost\u0119pno\u015b\u0107 swojej <span id=\"a11y-zakres\">strony internetowej<\/span> zgodnie z ustaw\u0105 z dnia 4 kwietnia 2019 r. o dost\u0119pno\u015bci cyfrowej stron internetowych i aplikacji mobilnych podmiot\u00f3w publicznych.<\/span><\/p>\n<p align=\"justify\"><span style=\"color: #333333;\">Deklaracja Dost\u0119pno\u015bci dotyczy strony <a id=\"a11y-url\" style=\"color: #333333;\" title=\"\u0141\u0105cze do witryny internetowej Portalu Forum Obywatelskie\" href=\"https:\/\/forumobywatelskie.transportgzm.pl\" target=\"_blank\" rel=\"noopener\">Forum obywatelskie Transport GZM<\/a>.<\/span><\/p>\n<\/section>\n<p><span style=\"color: #333333;\"><!-- Daty sprz\u0105dzenia i przegl\u0105du deklaracji --><\/span><\/p>\n<ul type=\"square\">\n<li><span style=\"color: #333333;\">Data publikacji strony internetowej: <time id=\"a11y-data-publikacja\" datetime=\"2024-10-11\">11 pa\u017adziernika 2024 r.<\/time><\/span><\/li>\n<li><span style=\"color: #333333;\">Data ostatniej istotnej aktualizacji: <time id=\"a11y-data-aktualizacja\" datetime=\"2024-10-11\">11 pa\u017adziernika 2024 r.<\/time><\/span><\/li>\n<\/ul>\n<p><span style=\"color: #333333;\"><!-- Stan dost\u0119pno\u015bci --><\/span><\/p>\n<h2><span style=\"color: #333333;\">Stan dost\u0119pno\u015bci cyfrowej<\/span><\/h2>\n<p id=\"a11y-status\" align=\"justify\"><span style=\"color: #333333;\">Ta strona internetowa jest cz\u0119\u015bciowo zgodna z za\u0142\u0105cznikiem do ustawy o dost\u0119pno\u015bci cyfrowej z dnia 4 kwietnia 2019 r. o dost\u0119pno\u015bci cyfrowej stron internetowych i aplikacji mobilnych podmiot\u00f3w publicznych z powodu niezgodno\u015bci wymienionych poni\u017cej.<\/span><\/p>\n<h2><span style=\"color: #333333;\">Niedost\u0119pne tre\u015bci<\/span><\/h2>\n<h3><span style=\"color: #333333;\">Niezgodno\u015b\u0107 z za\u0142\u0105cznikiem<\/span><\/h3>\n<div id=\"a11y-niezgodnosc-z-zalacznikiem\">\n<ul type=\"square\">\n<li><span style=\"color: #333333;\">Logo w nag\u0142\u00f3wku i stopce strony ma niew\u0142a\u015bciwy tekst default logo.<\/span><\/li>\n<li><span style=\"color: #333333;\">Zdj\u0119cia w serwisie maj\u0105 niepoprawne teksty alternatywne.<\/span><\/li>\n<li><span style=\"color: #333333;\">W serwisie wyst\u0119puj\u0105 niedost\u0119pne pliki PDF (brak tag\u00f3w dost\u0119pno\u015bci, tytu\u0142\u00f3w i j\u0119zyka).<\/span><\/li>\n<li><span style=\"color: #333333;\">Zaburzona struktura nag\u0142\u00f3wk\u00f3w w serwisie.<\/span><\/li>\n<li><span style=\"color: #333333;\">Tabela w serwisie nie posiada kom\u00f3rek nag\u0142\u00f3wkowych.<\/span><\/li>\n<li><span style=\"color: #333333;\">Kontrast tre\u015bci tekstowych jest mniejszy ni\u017c 4,5:1.<\/span><\/li>\n<li><span style=\"color: #333333;\">Kontrast tre\u015bci nietekstowych jest mniejszy ni\u017c 3:1.<\/span><\/li>\n<li><span style=\"color: #333333;\">W serwisie brak skip link\u00f3w.<\/span><\/li>\n<li><span style=\"color: #333333;\">Podstrony serwisu maj\u0105 niew\u0142a\u015bciwe tytu\u0142y.<\/span><\/li>\n<li><span style=\"color: #333333;\">W serwisie wyst\u0119puje link o niejednoznacznym tek\u015bcie tutaj.<\/span><\/li>\n<li><span style=\"color: #333333;\">Linki do pobrania prezentacji nie posiadaj\u0105 dost\u0119pnych nazw.<\/span><\/li>\n<li><span style=\"color: #333333;\">Brak ostrze\u017cenia przed otwieraniem link\u00f3w w nowym oknie.<\/span><\/li>\n<li><span style=\"color: #333333;\">W serwisie brak aktualnej mapy strony i wyszukiwarki.<\/span><\/li>\n<li><span style=\"color: #333333;\">Wyst\u0119puj\u0105 b\u0142\u0119dy walidacji HTML.<\/span><\/li>\n<li><span style=\"color: #333333;\">Elementy serwisu maj\u0105 niew\u0142a\u015bciwie przypisany atrybut aria-labeledby.<\/span><\/li>\n<li><span style=\"color: #333333;\">Ramka iframe ma niew\u0142a\u015bciwy tytu\u0142 YouTube video player.<\/span><\/li>\n<\/ul>\n<\/div>\n<h2><span style=\"color: #333333;\">Przygotowanie Deklaracji Dost\u0119pno\u015bci<\/span><\/h2>\n<h3><span style=\"color: #333333;\">Przygotowanie Deklaracji Dost\u0119pno\u015bci i jej aktualizacja<\/span><\/h3>\n<h2><span style=\"color: #333333;\"><!-- Daty sprz\u0105dzenia i przegl\u0105du deklaracji --><\/span><\/h2>\n<ul type=\"square\">\n<li><span style=\"color: #333333;\">Data sporz\u0105dzenia deklaracji: <time id=\"a11y-data-sporzadzenie\" datetime=\"2025-03-18\">18 marca 2025 r.<\/time><\/span><\/li>\n<li><span style=\"color: #333333;\">Data ostatniego przegl\u0105du deklaracji: <time id=\"a11y-data-przeglad\" datetime=\"2025-03-18\">18 marca 2025 r.<\/time><\/span><\/li>\n<\/ul>\n<p align=\"justify\"><span style=\"color: #333333;\">Deklaracj\u0119 sporz\u0105dzili\u015bmy na podstawie badania przeprowadzonego przez <span id=\"a11y-audytor\">Utilitia Sp\u00f3\u0142ka z.o.o.<\/span> na Rzecz Dost\u0119pno\u015bci Cyfrowej.<\/span><\/p>\n<p align=\"justify\"><span style=\"color: #333333;\">Wyniki badania przedstawia <a id=\"a11y-raport-url\" style=\"color: #333333;\" title=\"Link do dokumentu w formacie pdf do pobrania \u2013 raport z audytu dost\u0119pno\u015bci\" href=\"https:\/\/forumobywatelskie.transportgzm.pl\/wp-content\/uploads\/2025\/05\/Raport_dostepnosci_strony_internetowej-forum-obywatelskie.transport.gzm_.pdf\" target=\"_blank\" rel=\"noopener\">Raport z audytu<\/a>.<\/span><\/p>\n<h2><span style=\"color: #333333;\"><!-- Informacje zwrotne i dane kontaktowe --><\/span><\/h2>\n<h2 style=\"font-size: 24px;\"><span style=\"color: #333333;\">Informacje zwrotne i dane kontaktowe<\/span><\/h2>\n<p align=\"justify\"><span style=\"color: #333333;\">W przypadku problem\u00f3w z dost\u0119pno\u015bci\u0105 strony internetowej prosimy o kontakt z pracownikami Wydzia\u0142u Zr\u00f3wnowa\u017conej Mobilno\u015bci w Departamencie Komunikacji i Transportu na adres: <a id=\"a11y-email\" style=\"color: #333333;\" href=\"mailto:mobilnosc@metropoliagzm.pl\">mobilnosc@metropoliagzm.pl<\/a> lub pod numerem telefonu: <a id=\"a11y-telefon\" style=\"color: #333333;\" href=\"tel:+48327180711\">32 718 07 11<\/a>.<\/span><\/p>\n<p align=\"justify\"><span style=\"color: #333333;\">\u017b\u0105dania zapewnienia dost\u0119pno\u015bci nale\u017cy sk\u0142ada\u0107 na adres e-mail: <a id=\"a11y-email\" style=\"color: #333333;\" href=\"mailto:dostepnosc@metropoliagzm.pl\">dostepnosc@metropoliagzm.pl<\/a>.<\/span><\/p>\n<p align=\"justify\"><span style=\"color: #333333;\">Za rozpatrywanie uwag i \u017c\u0105da\u0144 odpowiada dyrektor Departamentu Komunikacji i Transportu Urz\u0119du Metropolitalnego G\u00f3rno\u015bl\u0105sko-Zag\u0142\u0119biowskiej Metropolii, <a id=\"a11y-telefon\" style=\"color: #333333;\" href=\"tel:+48327180785\">tel. 32 718 07 85<\/a>.<\/span><\/p>\n<p align=\"justify\"><span style=\"color: #333333;\">Zg\u0142aszaj\u0105c \u017c\u0105danie zapewnienia dost\u0119pno\u015bci cyfrowej strony internetowej lub jej element\u00f3w podaj:<\/span><\/p>\n<ul type=\"square\">\n<li><span style=\"color: #333333;\">swoje imi\u0119 i nazwisko,<\/span><\/li>\n<li><span style=\"color: #333333;\">swoje dane kontaktowe (np. numer telefonu, e-mail),<\/span><\/li>\n<li><span style=\"color: #333333;\">dok\u0142adny adres strony internetowej, na kt\u00f3rej jest niedost\u0119pny cyfrowo element lub tre\u015b\u0107,<\/span><\/li>\n<li><span style=\"color: #333333;\">opis na czym polega problem i jaki spos\u00f3b jego rozwi\u0105zania by\u0142by dla Ciebie najwygodniejszy.<\/span><\/li>\n<\/ul>\n<p align=\"justify\"><span style=\"color: #333333;\">Na Twoje zg\u0142oszenie odpowiemy najszybciej jak to mo\u017cliwe, nie p\u00f3\u017aniej ni\u017c w ci\u0105gu 7 dni od jego otrzymania.<\/span><\/p>\n<p align=\"justify\"><span style=\"color: #333333;\">Je\u017celi ten termin b\u0119dzie dla nas zbyt kr\u00f3tki poinformujemy Ci\u0119 o tym. W tej informacji podamy nowy termin, do kt\u00f3rego poprawimy zg\u0142oszone przez Ciebie b\u0142\u0119dy lub przygotujemy informacje w alternatywny spos\u00f3b. Ten nowy termin nie b\u0119dzie d\u0142u\u017cszy ni\u017c 2 miesi\u0105ce.<\/span><\/p>\n<p align=\"justify\"><span style=\"color: #333333;\">Je\u017celi nie b\u0119dziemy w stanie zapewni\u0107 dost\u0119pno\u015bci cyfrowej strony internetowej lub tre\u015bci, wskazanej w Twoim \u017c\u0105daniu, zaproponujemy Ci dost\u0119p do nich w alternatywny spos\u00f3b.<\/span><\/p>\n<section id=\"a11y-procedura\"><span style=\"color: #333333;\"><!-- Obs\u0142uga wniosk\u00f3w i skarg --><\/span>\n<h3><span style=\"color: #333333;\">Obs\u0142uga wniosk\u00f3w i skarg zwi\u0105zanych z dost\u0119pno\u015bci\u0105<\/span><\/h3>\n<p align=\"justify\"><span style=\"color: #333333;\">Je\u017celi w odpowiedzi na Tw\u00f3j wniosek o zapewnienie dost\u0119pno\u015bci cyfrowej, odm\u00f3wimy zapewnienia \u017c\u0105danej przez Ciebie dost\u0119pno\u015bci cyfrowej, a Ty nie zgadzasz si\u0119 z t\u0105 odmow\u0105, masz prawo z\u0142o\u017cy\u0107 skarg\u0119.<\/span><\/p>\n<p align=\"justify\"><span style=\"color: #333333;\">Skarg\u0119 masz prawo z\u0142o\u017cy\u0107 tak\u017ce, je\u015bli nie zgadzasz si\u0119 na skorzystanie z alternatywnego sposobu dost\u0119pu, kt\u00f3ry zaproponowali\u015bmy Ci w odpowiedzi na Tw\u00f3j wniosek o zapewnienie dost\u0119pno\u015bci cyfrowej.<\/span><\/p>\n<p align=\"justify\"><span style=\"color: #333333;\">Ewentualn\u0105 skarg\u0119 z\u0142\u00f3\u017c listownie lub mailem:<\/span><\/p>\n<ul type=\"square\">\n<li><span style=\"color: #333333;\"><span id=\"a11y-nazwa-instytucji\">Urz\u0105d Metropolitalny G\u00f3rno\u015bl\u0105sko-Zag\u0142\u0119biowskiej Metropolii<\/span>,<\/span><\/li>\n<li><span style=\"color: #333333;\"><span id=\"a11y-naczelnik-adres\">Adres: ul. Barbary 21A, Katowice, 40-053<\/span>,<\/span><\/li>\n<li><span style=\"color: #333333;\">e-mail: <a id=\"a11y-email\" style=\"color: #333333;\" href=\"mailto:urzad@metropoliagzm.pl\">urzad@metropoliagzm.pl<\/a>.<\/span><\/li>\n<\/ul>\n<p align=\"justify\"><span style=\"color: #333333;\"><a style=\"font-size: 14px; color: #333333;\" title=\"\u0141\u0105cze prowadzi do serwisu zewn\u0119trznego, GOV.PL\" href=\"https:\/\/www.gov.pl\/web\/gov\/zloz-wniosek-o-zapewnienie-dostepnosci-cyfrowej-strony-internetowej-lub-aplikacji-mobilnej\" target=\"_blank\" rel=\"noopener\">Pomocne mog\u0105 by\u0107 informacje, kt\u00f3re mo\u017cna znale\u017a\u0107 na rz\u0105dowym portalu gov.pl<\/a>.<\/span><\/p>\n<p align=\"justify\"><span style=\"color: #333333;\">Mo\u017cesz tak\u017ce poinformowa\u0107 o tej sytuacji <a style=\"font-size: 14px; color: #333333;\" title=\"\u0141\u0105cze prowadzi do serwisu zewn\u0119trznego, Rzecznika Praw Obywatelskich\" href=\"https:\/\/bip.brpo.gov.pl\/\" target=\"blank\"> Rzecznika Praw Obywatelskich<\/a> i poprosi\u0107 o interwencj\u0119 w Twojej sprawie.<\/span><\/p>\n<\/section>\n<h2><span style=\"color: #333333;\"><!-- Pozosta\u0142e informacje --><\/span><\/h2>\n<h2><span style=\"color: #333333;\">Pozosta\u0142e informacje<\/span><\/h2>\n<h2><span style=\"color: #333333;\"><!-- Dost\u0119pno\u015b\u0107 Architektoniczna --><\/span><\/h2>\n<section id=\"a11y-architektura\">\n<div id=\"a11y-opis-architektury\">\n<h3><span style=\"color: #333333;\"><a id=\"a11y-architektura-url\" style=\"color: #333333;\" href=\"https:\/\/bip.metropoliagzm.pl\/artykul\/34612\/134420\/dostepnosc-architektoniczna\" target=\"_blank\" rel=\"noopener\">Dost\u0119pno\u015b\u0107 architektoniczna<\/a><\/span><\/h3>\n<\/div>\n<\/section>\n<h2><span style=\"color: #333333;\"><!-- Dost\u0119pno\u015b\u0107 komunikacyjno-informacyjna --><\/span><\/h2>\n<section id=\"a11y-komunikacja\">\n<div id=\"a11y-tresc-informacji-o-komunikacji\">\n<h3><span style=\"color: #333333;\"><a id=\"a11y-komunikacja-url\" style=\"color: #333333;\" href=\"https:\/\/bip.metropoliagzm.pl\/artykul\/34612\/134438\/informacje-dla-osob-gluchych-slaboslyszacych-i-gluchoniewidomych\" target=\"_blank\" rel=\"noopener\">Dost\u0119pno\u015b\u0107 komunikacyjno-informacyjna<\/a><\/span><\/h3>\n<\/div>\n<\/section>\n<h2>\u00a0<\/h2>\t\t\t\t\t\t\t\t<\/div>\n\t\t\t\t<\/div>\n\t\t\t\t\t<\/div>\n\t\t\t\t<\/div>\n\t\t\t\t<\/div>\n\t\t","protected":false},"excerpt":{"rendered":"<p>Deklaracja Dost\u0119pno\u015bci G\u00f3rno\u015bl\u0105sko-Zag\u0142\u0119biowska Metropolia (GZM) zobowi\u0105zuje si\u0119 zapewni\u0107 dost\u0119pno\u015b\u0107 swojej strony internetowej zgodnie z ustaw\u0105 z dnia 4 kwietnia 2019 r. o dost\u0119pno\u015bci cyfrowej stron internetowych i aplikacji mobilnych podmiot\u00f3w publicznych. Deklaracja Dost\u0119pno\u015bci dotyczy strony Forum obywatelskie Transport GZM. Data publikacji strony internetowej: 11 pa\u017adziernika 2024 r. Data ostatniej istotnej aktualizacji: 11 pa\u017adziernika 2024 r. [&hellip;]<\/p>\n","protected":false},"author":4,"featured_media":0,"parent":0,"menu_order":0,"comment_status":"closed","ping_status":"closed","template":"","meta":{"footnotes":""},"class_list":["post-2396","page","type-page","status-publish","hentry"],"_links":{"self":[{"href":"https:\/\/forumobywatelskie.transportgzm.pl\/index.php\/wp-json\/wp\/v2\/pages\/2396","targetHints":{"allow":["GET"]}}],"collection":[{"href":"https:\/\/forumobywatelskie.transportgzm.pl\/index.php\/wp-json\/wp\/v2\/pages"}],"about":[{"href":"https:\/\/forumobywatelskie.transportgzm.pl\/index.php\/wp-json\/wp\/v2\/types\/page"}],"author":[{"embeddable":true,"href":"https:\/\/forumobywatelskie.transportgzm.pl\/index.php\/wp-json\/wp\/v2\/users\/4"}],"replies":[{"embeddable":true,"href":"https:\/\/forumobywatelskie.transportgzm.pl\/index.php\/wp-json\/wp\/v2\/comments?post=2396"}],"version-history":[{"count":16,"href":"https:\/\/forumobywatelskie.transportgzm.pl\/index.php\/wp-json\/wp\/v2\/pages\/2396\/revisions"}],"predecessor-version":[{"id":2427,"href":"https:\/\/forumobywatelskie.transportgzm.pl\/index.php\/wp-json\/wp\/v2\/pages\/2396\/revisions\/2427"}],"wp:attachment":[{"href":"https:\/\/forumobywatelskie.transportgzm.pl\/index.php\/wp-json\/wp\/v2\/media?parent=2396"}],"curies":[{"name":"wp","href":"https:\/\/api.w.org\/{rel}","templated":true}]}}