{"id":272,"date":"2024-09-28T14:05:50","date_gmt":"2024-09-28T12:05:50","guid":{"rendered":"https:\/\/forumobywatelskie2.transportgzm.pl\/?page_id=272"},"modified":"2025-04-29T08:05:22","modified_gmt":"2025-04-29T06:05:22","slug":"o-forum","status":"publish","type":"page","link":"https:\/\/forumobywatelskie.transportgzm.pl\/index.php\/o-forum\/","title":{"rendered":"O forum"},"content":{"rendered":"\t\t<div data-elementor-type=\"wp-page\" data-elementor-id=\"272\" class=\"elementor elementor-272\">\n\t\t\t\t<div class=\"elementor-element elementor-element-1208601 e-flex e-con-boxed e-con e-parent\" data-id=\"1208601\" data-element_type=\"container\" data-e-type=\"container\" data-settings=\"{&quot;background_background&quot;:&quot;classic&quot;}\">\n\t\t\t\t\t<div class=\"e-con-inner\">\n\t\t\t\t<div class=\"elementor-element elementor-element-bf43e07 elementor-widget elementor-widget-heading\" data-id=\"bf43e07\" data-element_type=\"widget\" data-e-type=\"widget\" data-widget_type=\"heading.default\">\n\t\t\t\t<div class=\"elementor-widget-container\">\n\t\t\t\t\t<h1 class=\"elementor-heading-title elementor-size-default\">Forum Obywatelskie<\/h1>\t\t\t\t<\/div>\n\t\t\t\t<\/div>\n\t\t\t\t\t<\/div>\n\t\t\t\t<\/div>\n\t\t<div class=\"elementor-element elementor-element-a77c1c2 e-flex e-con-boxed e-con e-parent\" data-id=\"a77c1c2\" data-element_type=\"container\" data-e-type=\"container\" data-settings=\"{&quot;background_background&quot;:&quot;classic&quot;}\">\n\t\t\t\t\t<div class=\"e-con-inner\">\n\t\t\t\t<div class=\"elementor-element elementor-element-479cd25 elementor-widget__width-initial elementor-widget elementor-widget-image\" data-id=\"479cd25\" data-element_type=\"widget\" data-e-type=\"widget\" data-widget_type=\"image.default\">\n\t\t\t\t<div class=\"elementor-widget-container\">\n\t\t\t\t\t\t\t\t\t\t\t\t\t\t\t<img fetchpriority=\"high\" decoding=\"async\" width=\"800\" height=\"430\" src=\"https:\/\/forumobywatelskie.transportgzm.pl\/wp-content\/uploads\/2024\/10\/whz11dz_happy_people_in_public_transportation_photo_-ar_9350_80831157-a545-4541-9f14-2dc877afcec4_0-1024x551.png\" class=\"attachment-large size-large wp-image-1543\" alt=\"\" srcset=\"https:\/\/forumobywatelskie.transportgzm.pl\/wp-content\/uploads\/2024\/10\/whz11dz_happy_people_in_public_transportation_photo_-ar_9350_80831157-a545-4541-9f14-2dc877afcec4_0-1024x551.png 1024w, https:\/\/forumobywatelskie.transportgzm.pl\/wp-content\/uploads\/2024\/10\/whz11dz_happy_people_in_public_transportation_photo_-ar_9350_80831157-a545-4541-9f14-2dc877afcec4_0-300x161.png 300w, https:\/\/forumobywatelskie.transportgzm.pl\/wp-content\/uploads\/2024\/10\/whz11dz_happy_people_in_public_transportation_photo_-ar_9350_80831157-a545-4541-9f14-2dc877afcec4_0-768x413.png 768w, https:\/\/forumobywatelskie.transportgzm.pl\/wp-content\/uploads\/2024\/10\/whz11dz_happy_people_in_public_transportation_photo_-ar_9350_80831157-a545-4541-9f14-2dc877afcec4_0.png 1488w\" sizes=\"(max-width: 800px) 100vw, 800px\" \/>\t\t\t\t\t\t\t\t\t\t\t\t\t\t\t<\/div>\n\t\t\t\t<\/div>\n\t\t\t\t\t<\/div>\n\t\t\t\t<\/div>\n\t\t<div class=\"elementor-element elementor-element-abf7b11 e-flex e-con-boxed e-con e-parent\" data-id=\"abf7b11\" data-element_type=\"container\" data-e-type=\"container\" data-settings=\"{&quot;background_background&quot;:&quot;classic&quot;}\">\n\t\t\t\t\t<div class=\"e-con-inner\">\n\t\t\t\t<div class=\"elementor-element elementor-element-e80b8f2 elementor-widget elementor-widget-text-editor\" data-id=\"e80b8f2\" data-element_type=\"widget\" data-e-type=\"widget\" data-widget_type=\"text-editor.default\">\n\t\t\t\t<div class=\"elementor-widget-container\">\n\t\t\t\t\t\t\t\t\t<p>Forum obywatelskie to spotkanie reprezentatywnej grupy mieszka\u0144c\u00f3w wybranej w drodze losowania, kt\u00f3ra rozmawia na tematy wa\u017cne dla ca\u0142ej spo\u0142eczno\u015bci. To r\u00f3wnie\u017c sprawdzona forma konsultacji spo\u0142ecznych.<\/p><p>Pierwsze Forum Obywatelskie w G\u00f3rno\u015bl\u0105sko-Zag\u0142\u0119biowskiej Metropolii\u00a0 odbywa si\u0119 5, 12 i 26 pa\u017adziernika 2024. Tematyka forum dotyczy usprawnie\u0144 codziennych podr\u00f3\u017cy mieszka\u0144c\u00f3w Chorzowa, Tarnowskich G\u00f3ry, Bytomia, gminy \u015awierklaniec, Radzionkowa, Piekar \u015al\u0105skich, dzielnic Zabrza &#8211; Helenka i Rokitnica.<\/p><p>Has\u0142em przewodnim Forum jest: <b>\u201eKolej na dobre przesiadki w G\u00f3rno\u015bl\u0105sko-Zag\u0142\u0119biowskiej Metropolii \u2013 jak to osi\u0105gn\u0105\u0107?<\/b><strong>\u201d<\/strong><\/p><p>Celem forum jest wypracowanie przez uczestnik\u00f3w rekomendacji dotycz\u0105cych przesiadek. Po zako\u0144czeniu forum rekomendacje zostan\u0105 przekazane w\u0142a\u015bciwym jednostkom odpowiedzialnym tematycznie za dan\u0105 rekomendacj\u0119. Ka\u017cda z jednostek odpowie formalnie na rekomendacje w ci\u0105gu 3 miesi\u0119cy od otrzymania rekomendacji.<\/p><p><b>Uczestnicy forum<\/b><\/p><p>W forum bierze udzia\u0142 42 mieszka\u0144c\u00f3w Bytomia, Chorzowa, Piekar \u015al\u0105skich, Radzionkowa, gminy \u015awierklaniec, Tarnowskich G\u00f3r oraz dw\u00f3ch dzielnic Zabrza \u2013 Rokitnicy i Helenki. Pierwotnie zak\u0142adano udzia\u0142 43 os\u00f3b. W gronie uczestnik\u00f3w mia\u0142a znale\u017a\u0107 si\u0119 jedna osoba b\u0119d\u0105ca obcokrajowcem. Taka osoba nie zg\u0142osi\u0142a si\u0119 w zwi\u0105zku z tym ostatecznie\u00a0 wylosowano grup\u0119 42 osobow\u0105. O sposobie wyboru sk\u0142adu forum mo\u017cna przeczyta\u0107 w zak\u0142adce Sk\u0142ad Forum.<\/p><p><b>Role podczas Forum Obywatelskiego<\/b><\/p><p>Poza uczestnikami wylosowanymi z grona mieszka\u0144c\u00f3w podczas forum swoj\u0105 rol\u0105 maj\u0105 tak\u017ce facylitatorzy, kt\u00f3rzy wspieraj\u0105 mieszka\u0144c\u00f3w w prowadzeniu rozm\u00f3w oraz eksperci prezentuj\u0105cy zagadnienia z zakresu transportu zbiorowego i mobilno\u015bci. Organizacje, instytucje, urz\u0119dy lub grupy<br \/>nieformalne, kt\u00f3re zajmuj\u0105 si\u0119 tematyk\u0105 transportu publicznego, pe\u0142ni\u0105 rol\u0119 Stron, na kt\u00f3re Realizator prowadzi\u0142 nab\u00f3r. Nad w\u0142a\u015bciwym, zgodnym z regulaminem, przebiegiem Forum czuwa Komitet Monitoruj\u0105cy &#8211; niezale\u017cne cia\u0142o doradczo-opiniodawcze dla Organizatora i Realizatora forum. \u00a0W jego sk\u0142ad wchodz\u0105 przedstawiciele organizacji pozarz\u0105dowych oraz reprezentuj\u0105ce uczelnie wy\u017csze. Obserwatorzy to osoby, kt\u00f3re przygl\u0105daj\u0105 si\u0119 przebiegowi forum bez prawa g\u0142osu. To by\u0107 osoby zajmuj\u0105ce si\u0119 naukowo lub zawodowo tematyk\u0105 partycypacji spo\u0142ecznej, osoby wyznaczone przez \u015bl\u0105skie organizacje pozarz\u0105dowe niebior\u0105ce udzia\u0142u w forum w roli Stron oraz osoby zainteresowane realizacj\u0105 forum w innych jednostkach administracyjnych.<\/p><p><b>Struktura Forum<\/b><\/p><p>Spotkania Forum Obywatelskiego odbywaj\u0105 si\u0119 w trzy wybrane soboty, 5, 12 i 26 pa\u017adziernika.<\/p><p>Pierwszy dzie\u0144 przeznaczony jest na edukacj\u0119. Uczestnicy dowiaduj\u0105 si\u0119 wi\u0119cej o aktualnym stanie transportu zbiorowego w regionie oraz poznaj\u0105 r\u00f3\u017cne rozwi\u0105zania i pomys\u0142y na jego rozw\u00f3j. <a href=\"https:\/\/www.youtube.com\/watch?v=crSfTx3Qqjk\">Transmisj\u0119 z tego dnia mo\u017cna obejrze\u0107 na kanale youtube<\/a>. <\/p><p>Pozosta\u0142e dwa dni to dyskusja na temat r\u00f3\u017cnych mo\u017cliwo\u015bci podej\u015bcia do tematu przesiadek w p\u00f3\u0142nocno-zachodnim korytarzy transportowym Metropolii i wsp\u00f3lna praca nad najlepszymi rozwi\u0105zaniami. Uczestnicy opracuj\u0105 konkretne rekomendacje, kt\u00f3re b\u0119d\u0105 mog\u0142y zosta\u0107 wdro\u017cone, aby pozytywnie wp\u0142yn\u0105\u0107 na przysz\u0142o\u015b\u0107 transportu zbiorowego w G\u00f3rno\u015bl\u0105sko-Zag\u0142\u0119biowskiej Metropolii.<\/p><p><a href=\"https:\/\/forumobywatelskie.transportgzm.pl\/wp-content\/uploads\/2025\/04\/Regulamin-Forum-Obywatelskiego-wersja-z-10-pazdziernika-2024-obowiazujaca.pdf\">Regulamin Forum Obywatelskiego wersja z 10 pa\u017adziernika 2024 &#8211; obowi\u0105zuj\u0105cy<\/a><\/p><p><a href=\"https:\/\/forumobywatelskie.transportgzm.pl\/wp-content\/uploads\/2025\/04\/Regulamin-Forum-Obywatelskiego-wersja-z-25-wrzesnia-2024.pdf\" rel=\"noopener\">Regulamin Forum Obywatelskiego wersja z 25 wrze\u015bnia 2024 r.<\/a><br \/><a href=\"https:\/\/forumobywatelskie.transportgzm.pl\/wp-content\/uploads\/2025\/04\/Regulamin-Forum-Obywatelskiego.pdf\" rel=\"noopener\">Regulamin Forum Obywatelskiego<\/a><\/p>\t\t\t\t\t\t\t\t<\/div>\n\t\t\t\t<\/div>\n\t\t\t\t\t<\/div>\n\t\t\t\t<\/div>\n\t\t\t\t<\/div>\n\t\t","protected":false},"excerpt":{"rendered":"<p>Forum Obywatelskie Forum obywatelskie to spotkanie reprezentatywnej grupy mieszka\u0144c\u00f3w wybranej w drodze losowania, kt\u00f3ra rozmawia na tematy wa\u017cne dla ca\u0142ej spo\u0142eczno\u015bci. To r\u00f3wnie\u017c sprawdzona forma konsultacji spo\u0142ecznych. Pierwsze Forum Obywatelskie w G\u00f3rno\u015bl\u0105sko-Zag\u0142\u0119biowskiej Metropolii\u00a0 odbywa si\u0119 5, 12 i 26 pa\u017adziernika 2024. Tematyka forum dotyczy usprawnie\u0144 codziennych podr\u00f3\u017cy mieszka\u0144c\u00f3w Chorzowa, Tarnowskich G\u00f3ry, Bytomia, gminy \u015awierklaniec, Radzionkowa, [&hellip;]<\/p>\n","protected":false},"author":2,"featured_media":0,"parent":0,"menu_order":0,"comment_status":"closed","ping_status":"closed","template":"","meta":{"footnotes":""},"class_list":["post-272","page","type-page","status-publish","hentry"],"_links":{"self":[{"href":"https:\/\/forumobywatelskie.transportgzm.pl\/index.php\/wp-json\/wp\/v2\/pages\/272","targetHints":{"allow":["GET"]}}],"collection":[{"href":"https:\/\/forumobywatelskie.transportgzm.pl\/index.php\/wp-json\/wp\/v2\/pages"}],"about":[{"href":"https:\/\/forumobywatelskie.transportgzm.pl\/index.php\/wp-json\/wp\/v2\/types\/page"}],"author":[{"embeddable":true,"href":"https:\/\/forumobywatelskie.transportgzm.pl\/index.php\/wp-json\/wp\/v2\/users\/2"}],"replies":[{"embeddable":true,"href":"https:\/\/forumobywatelskie.transportgzm.pl\/index.php\/wp-json\/wp\/v2\/comments?post=272"}],"version-history":[{"count":106,"href":"https:\/\/forumobywatelskie.transportgzm.pl\/index.php\/wp-json\/wp\/v2\/pages\/272\/revisions"}],"predecessor-version":[{"id":2316,"href":"https:\/\/forumobywatelskie.transportgzm.pl\/index.php\/wp-json\/wp\/v2\/pages\/272\/revisions\/2316"}],"wp:attachment":[{"href":"https:\/\/forumobywatelskie.transportgzm.pl\/index.php\/wp-json\/wp\/v2\/media?parent=272"}],"curies":[{"name":"wp","href":"https:\/\/api.w.org\/{rel}","templated":true}]}}