{"id":397,"date":"2024-09-28T15:23:26","date_gmt":"2024-09-28T13:23:26","guid":{"rendered":"https:\/\/forumobywatelskie2.transportgzm.pl\/?page_id=397"},"modified":"2025-04-30T13:54:25","modified_gmt":"2025-04-30T11:54:25","slug":"komitet-monitorujacy","status":"publish","type":"page","link":"https:\/\/forumobywatelskie.transportgzm.pl\/index.php\/komitet-monitorujacy\/","title":{"rendered":"Komitet Monitoruj\u0105cy"},"content":{"rendered":"\t\t<div data-elementor-type=\"wp-page\" data-elementor-id=\"397\" class=\"elementor elementor-397\">\n\t\t\t\t<div class=\"elementor-element elementor-element-7896f5d e-flex e-con-boxed e-con e-parent\" data-id=\"7896f5d\" data-element_type=\"container\" data-e-type=\"container\">\n\t\t\t\t\t<div class=\"e-con-inner\">\n\t\t\t\t<div class=\"elementor-element elementor-element-e39bee9 elementor-widget elementor-widget-heading\" data-id=\"e39bee9\" data-element_type=\"widget\" data-e-type=\"widget\" data-widget_type=\"heading.default\">\n\t\t\t\t<div class=\"elementor-widget-container\">\n\t\t\t\t\t<h1 class=\"elementor-heading-title elementor-size-default\">Komitet Monitoruj\u0105cy<\/h1>\t\t\t\t<\/div>\n\t\t\t\t<\/div>\n\t\t\t\t<div class=\"elementor-element elementor-element-9e95fbf elementor-widget elementor-widget-image\" data-id=\"9e95fbf\" data-element_type=\"widget\" data-e-type=\"widget\" data-widget_type=\"image.default\">\n\t\t\t\t<div class=\"elementor-widget-container\">\n\t\t\t\t\t\t\t\t\t\t\t\t\t\t\t<img fetchpriority=\"high\" decoding=\"async\" width=\"300\" height=\"169\" src=\"https:\/\/forumobywatelskie.transportgzm.pl\/wp-content\/uploads\/2024\/10\/na-strone_2a-300x169.jpg\" class=\"attachment-medium size-medium wp-image-1274\" alt=\"\" srcset=\"https:\/\/forumobywatelskie.transportgzm.pl\/wp-content\/uploads\/2024\/10\/na-strone_2a-300x169.jpg 300w, https:\/\/forumobywatelskie.transportgzm.pl\/wp-content\/uploads\/2024\/10\/na-strone_2a-1024x576.jpg 1024w, https:\/\/forumobywatelskie.transportgzm.pl\/wp-content\/uploads\/2024\/10\/na-strone_2a-768x432.jpg 768w, https:\/\/forumobywatelskie.transportgzm.pl\/wp-content\/uploads\/2024\/10\/na-strone_2a.jpg 1280w\" sizes=\"(max-width: 300px) 100vw, 300px\" \/>\t\t\t\t\t\t\t\t\t\t\t\t\t\t\t<\/div>\n\t\t\t\t<\/div>\n\t\t\t\t<div class=\"elementor-element elementor-element-05d5d30 elementor-widget elementor-widget-text-editor\" data-id=\"05d5d30\" data-element_type=\"widget\" data-e-type=\"widget\" data-widget_type=\"text-editor.default\">\n\t\t\t\t<div class=\"elementor-widget-container\">\n\t\t\t\t\t\t\t\t\t<p><span style=\"color: #000000;\"><b>Komitet Monitoruj\u0105cy <\/b>to niezale\u017cne cia\u0142o doradczo-opiniuj\u0105ce, kt\u00f3re wspiera organizatora i realizatora forum obywatelskiego. Jego g\u0142\u00f3wnym zadaniem jest czuwanie nad tym, aby forum przebiega\u0142o zgodnie z regulaminem i by\u0142o dobrze zorganizowane.<\/span><\/p>\t\t\t\t\t\t\t\t<\/div>\n\t\t\t\t<\/div>\n\t\t\t\t<div class=\"elementor-element elementor-element-2840606 elementor-widget elementor-widget-text-editor\" data-id=\"2840606\" data-element_type=\"widget\" data-e-type=\"widget\" data-widget_type=\"text-editor.default\">\n\t\t\t\t<div class=\"elementor-widget-container\">\n\t\t\t\t\t\t\t\t\t<p><span style=\"color: #000000;\">W sk\u0142ad Komitetu wchodz\u0105 maksymalnie 10 os\u00f3b, w tym przedstawiciele organizacji pozarz\u0105dowych oraz uczelni wy\u017cszych.<\/span><\/p><p><span style=\"color: #000000;\">Komitet Monitoruj\u0105cy ma kilka kluczowych zada\u0144:<\/span><\/p><ul><li aria-level=\"1\"><span style=\"color: #000000;\">analizowanie przebiegu forum i sprawdzanie, czy wszystko odbywa si\u0119 zgodnie z regulaminem,<\/span><\/li><li aria-level=\"1\"><span style=\"color: #000000;\">rozpatrywanie uwag i wniosk\u00f3w dotycz\u0105cych realizacji forum,<\/span><\/li><li aria-level=\"1\"><span style=\"color: #000000;\">akceptowanie ewentualnych zmian w regulaminie,<\/span><\/li><li aria-level=\"1\"><span style=\"color: #000000;\">uruchamianie procedur arbitra\u017cu, je\u015bli pojawi\u0105 si\u0119 takie potrzeby.<\/span><\/li><\/ul><p><span style=\"color: #000000;\">Dzi\u0119ki zaanga\u017cowaniu Komitetu Monitoruj\u0105cego, forum obywatelskie jest przejrzyste i dzia\u0142a w spos\u00f3b sprawiedliwy.<\/span><\/p><p><span style=\"color: #000000;\">Cz\u0142onkami Komitetu monitoruj\u0105cego Forum s\u0105:<\/span><\/p><ul><li aria-level=\"1\"><span style=\"color: #000000;\"><strong>dr Joanna Podg\u00f3rska-Ryka\u0142a<\/strong> \u2013 Uniwersytet Komisji Edukacji Narodowej w Krakowie<\/span><\/li><li aria-level=\"1\"><span style=\"color: #000000;\"><strong>mgr Aleksandra Rodziewicz<\/strong> \u2013 Uniwersytet Wroc\u0142awski<\/span><\/li><li aria-level=\"1\"><span style=\"color: #000000;\"><strong>mgr Magni Szymaniak-Arnesen<\/strong> \u2013 Uniwersytet Adama Mickiewicza w Poznaniu<\/span><\/li><li aria-level=\"1\"><span style=\"color: #000000;\"><strong>dr Wojciech Ufel<\/strong> \u2013 Uniwersytet Wroc\u0142awski<\/span><\/li><li aria-level=\"1\"><span style=\"color: #000000;\"><strong>Sebastian Pyp\u0142acz<\/strong> \u2013 Stowarzyszenie BoMiasto\u00a0<\/span><\/li><li aria-level=\"1\"><span style=\"color: #000000;\"><strong>Stanis\u0142aw Torbus<\/strong> \u2013 Stowarzyszenie Nasz Samorz\u0105d<\/span><\/li><\/ul>\t\t\t\t\t\t\t\t<\/div>\n\t\t\t\t<\/div>\n\t\t\t\t\t<\/div>\n\t\t\t\t<\/div>\n\t\t\t\t<\/div>\n\t\t","protected":false},"excerpt":{"rendered":"<p>Komitet Monitoruj\u0105cy Komitet Monitoruj\u0105cy to niezale\u017cne cia\u0142o doradczo-opiniuj\u0105ce, kt\u00f3re wspiera organizatora i realizatora forum obywatelskiego. Jego g\u0142\u00f3wnym zadaniem jest czuwanie nad tym, aby forum przebiega\u0142o zgodnie z regulaminem i by\u0142o dobrze zorganizowane. W sk\u0142ad Komitetu wchodz\u0105 maksymalnie 10 os\u00f3b, w tym przedstawiciele organizacji pozarz\u0105dowych oraz uczelni wy\u017cszych. Komitet Monitoruj\u0105cy ma kilka kluczowych zada\u0144: analizowanie przebiegu [&hellip;]<\/p>\n","protected":false},"author":2,"featured_media":0,"parent":0,"menu_order":0,"comment_status":"closed","ping_status":"closed","template":"","meta":{"footnotes":""},"class_list":["post-397","page","type-page","status-publish","hentry"],"_links":{"self":[{"href":"https:\/\/forumobywatelskie.transportgzm.pl\/index.php\/wp-json\/wp\/v2\/pages\/397","targetHints":{"allow":["GET"]}}],"collection":[{"href":"https:\/\/forumobywatelskie.transportgzm.pl\/index.php\/wp-json\/wp\/v2\/pages"}],"about":[{"href":"https:\/\/forumobywatelskie.transportgzm.pl\/index.php\/wp-json\/wp\/v2\/types\/page"}],"author":[{"embeddable":true,"href":"https:\/\/forumobywatelskie.transportgzm.pl\/index.php\/wp-json\/wp\/v2\/users\/2"}],"replies":[{"embeddable":true,"href":"https:\/\/forumobywatelskie.transportgzm.pl\/index.php\/wp-json\/wp\/v2\/comments?post=397"}],"version-history":[{"count":40,"href":"https:\/\/forumobywatelskie.transportgzm.pl\/index.php\/wp-json\/wp\/v2\/pages\/397\/revisions"}],"predecessor-version":[{"id":2319,"href":"https:\/\/forumobywatelskie.transportgzm.pl\/index.php\/wp-json\/wp\/v2\/pages\/397\/revisions\/2319"}],"wp:attachment":[{"href":"https:\/\/forumobywatelskie.transportgzm.pl\/index.php\/wp-json\/wp\/v2\/media?parent=397"}],"curies":[{"name":"wp","href":"https:\/\/api.w.org\/{rel}","templated":true}]}}