{"id":404,"date":"2024-09-28T15:25:05","date_gmt":"2024-09-28T13:25:05","guid":{"rendered":"https:\/\/forumobywatelskie2.transportgzm.pl\/?page_id=404"},"modified":"2025-04-30T13:55:50","modified_gmt":"2025-04-30T11:55:50","slug":"strony","status":"publish","type":"page","link":"https:\/\/forumobywatelskie.transportgzm.pl\/index.php\/strony\/","title":{"rendered":"Strony"},"content":{"rendered":"\t\t<div data-elementor-type=\"wp-page\" data-elementor-id=\"404\" class=\"elementor elementor-404\">\n\t\t\t\t<div class=\"elementor-element elementor-element-b3a3a04 e-flex e-con-boxed e-con e-parent\" data-id=\"b3a3a04\" data-element_type=\"container\" data-e-type=\"container\">\n\t\t\t\t\t<div class=\"e-con-inner\">\n\t\t<div class=\"elementor-element elementor-element-e244154 e-con-full e-flex e-con e-child\" data-id=\"e244154\" data-element_type=\"container\" data-e-type=\"container\">\n\t\t\t\t<div class=\"elementor-element elementor-element-b163298 elementor-widget__width-initial elementor-widget elementor-widget-heading\" data-id=\"b163298\" data-element_type=\"widget\" data-e-type=\"widget\" data-widget_type=\"heading.default\">\n\t\t\t\t<div class=\"elementor-widget-container\">\n\t\t\t\t\t<h1 class=\"elementor-heading-title elementor-size-default\">Strony<\/h1>\t\t\t\t<\/div>\n\t\t\t\t<\/div>\n\t\t\t\t<div class=\"elementor-element elementor-element-ae36b0f elementor-widget elementor-widget-image\" data-id=\"ae36b0f\" data-element_type=\"widget\" data-e-type=\"widget\" data-widget_type=\"image.default\">\n\t\t\t\t<div class=\"elementor-widget-container\">\n\t\t\t\t\t\t\t\t\t\t\t\t\t\t\t<img fetchpriority=\"high\" decoding=\"async\" width=\"800\" height=\"534\" src=\"https:\/\/forumobywatelskie.transportgzm.pl\/wp-content\/uploads\/2024\/09\/felicia-buitenwerf-Qs_Zkak27Jk-unsplash-1024x683.jpg\" class=\"attachment-large size-large wp-image-758\" alt=\"\" srcset=\"https:\/\/forumobywatelskie.transportgzm.pl\/wp-content\/uploads\/2024\/09\/felicia-buitenwerf-Qs_Zkak27Jk-unsplash-1024x683.jpg 1024w, https:\/\/forumobywatelskie.transportgzm.pl\/wp-content\/uploads\/2024\/09\/felicia-buitenwerf-Qs_Zkak27Jk-unsplash-300x200.jpg 300w, https:\/\/forumobywatelskie.transportgzm.pl\/wp-content\/uploads\/2024\/09\/felicia-buitenwerf-Qs_Zkak27Jk-unsplash-768x512.jpg 768w, https:\/\/forumobywatelskie.transportgzm.pl\/wp-content\/uploads\/2024\/09\/felicia-buitenwerf-Qs_Zkak27Jk-unsplash.jpg 1200w\" sizes=\"(max-width: 800px) 100vw, 800px\" \/>\t\t\t\t\t\t\t\t\t\t\t\t\t\t\t<\/div>\n\t\t\t\t<\/div>\n\t\t\t\t<\/div>\n\t\t\t\t<div class=\"elementor-element elementor-element-16ff7fe elementor-widget__width-initial elementor-widget-mobile__width-initial elementor-widget elementor-widget-text-editor\" data-id=\"16ff7fe\" data-element_type=\"widget\" data-e-type=\"widget\" data-widget_type=\"text-editor.default\">\n\t\t\t\t<div class=\"elementor-widget-container\">\n\t\t\t\t\t\t\t\t\t<p><span style=\"color: #000000;\">\u00a0<\/span><\/p><p><span style=\"color: #000000;\">Strony to osoby, kt\u00f3re reprezentuj\u0105 organizacje, instytucje, urz\u0119dy lub grupy nieformalne, kt\u00f3rych dzia\u0142alno\u015b\u0107 zwi\u0105zana jest z tematyk\u0105 Forum lub na kt\u00f3r\u0105 bezpo\u015bredni wp\u0142yw maj\u0105 kwestie poruszane na Forum. Realizator forum prowadzi\u0142 nab\u00f3r stron.<\/span><\/p><p><span style=\"color: #000000;\">Lista Stron: <\/span><br \/><span style=\"color: #000000;\"><strong><br \/>\u015al\u0105sko-Zag\u0142\u0119biowskie Stowarzyszenie Kierowc\u00f3w Komunikacji Miejskiej w Sosnowcu<\/strong><\/span><\/p><p><span style=\"color: #000000;\"><strong>\u015al\u0105ski Ruch Klimatyczny<\/strong><\/span><\/p><p><span style=\"color: #000000;\"><strong>Rowerowe Gliwice<\/strong><\/span><\/p>\t\t\t\t\t\t\t\t<\/div>\n\t\t\t\t<\/div>\n\t\t\t\t\t<\/div>\n\t\t\t\t<\/div>\n\t\t\t\t<\/div>\n\t\t","protected":false},"excerpt":{"rendered":"<p>Strony \u00a0 Strony to osoby, kt\u00f3re reprezentuj\u0105 organizacje, instytucje, urz\u0119dy lub grupy nieformalne, kt\u00f3rych dzia\u0142alno\u015b\u0107 zwi\u0105zana jest z tematyk\u0105 Forum lub na kt\u00f3r\u0105 bezpo\u015bredni wp\u0142yw maj\u0105 kwestie poruszane na Forum. Realizator forum prowadzi\u0142 nab\u00f3r stron. Lista Stron: \u015al\u0105sko-Zag\u0142\u0119biowskie Stowarzyszenie Kierowc\u00f3w Komunikacji Miejskiej w Sosnowcu \u015al\u0105ski Ruch Klimatyczny Rowerowe Gliwice<\/p>\n","protected":false},"author":2,"featured_media":0,"parent":0,"menu_order":0,"comment_status":"closed","ping_status":"closed","template":"","meta":{"footnotes":""},"class_list":["post-404","page","type-page","status-publish","hentry"],"_links":{"self":[{"href":"https:\/\/forumobywatelskie.transportgzm.pl\/index.php\/wp-json\/wp\/v2\/pages\/404","targetHints":{"allow":["GET"]}}],"collection":[{"href":"https:\/\/forumobywatelskie.transportgzm.pl\/index.php\/wp-json\/wp\/v2\/pages"}],"about":[{"href":"https:\/\/forumobywatelskie.transportgzm.pl\/index.php\/wp-json\/wp\/v2\/types\/page"}],"author":[{"embeddable":true,"href":"https:\/\/forumobywatelskie.transportgzm.pl\/index.php\/wp-json\/wp\/v2\/users\/2"}],"replies":[{"embeddable":true,"href":"https:\/\/forumobywatelskie.transportgzm.pl\/index.php\/wp-json\/wp\/v2\/comments?post=404"}],"version-history":[{"count":37,"href":"https:\/\/forumobywatelskie.transportgzm.pl\/index.php\/wp-json\/wp\/v2\/pages\/404\/revisions"}],"predecessor-version":[{"id":2325,"href":"https:\/\/forumobywatelskie.transportgzm.pl\/index.php\/wp-json\/wp\/v2\/pages\/404\/revisions\/2325"}],"wp:attachment":[{"href":"https:\/\/forumobywatelskie.transportgzm.pl\/index.php\/wp-json\/wp\/v2\/media?parent=404"}],"curies":[{"name":"wp","href":"https:\/\/api.w.org\/{rel}","templated":true}]}}