{"id":406,"date":"2024-09-28T15:25:17","date_gmt":"2024-09-28T13:25:17","guid":{"rendered":"https:\/\/forumobywatelskie2.transportgzm.pl\/?page_id=406"},"modified":"2025-04-30T13:56:43","modified_gmt":"2025-04-30T11:56:43","slug":"eksperci","status":"publish","type":"page","link":"https:\/\/forumobywatelskie.transportgzm.pl\/index.php\/eksperci\/","title":{"rendered":"Eksperci"},"content":{"rendered":"\t\t<div data-elementor-type=\"wp-page\" data-elementor-id=\"406\" class=\"elementor elementor-406\">\n\t\t\t\t<div class=\"elementor-element elementor-element-71643e3 e-flex e-con-boxed e-con e-parent\" data-id=\"71643e3\" data-element_type=\"container\" data-e-type=\"container\">\n\t\t\t\t\t<div class=\"e-con-inner\">\n\t\t\t\t<div class=\"elementor-element elementor-element-36e011b elementor-widget elementor-widget-heading\" data-id=\"36e011b\" data-element_type=\"widget\" data-e-type=\"widget\" data-widget_type=\"heading.default\">\n\t\t\t\t<div class=\"elementor-widget-container\">\n\t\t\t\t\t<h1 class=\"elementor-heading-title elementor-size-default\">Ekspertki i eksperci<\/h1>\t\t\t\t<\/div>\n\t\t\t\t<\/div>\n\t\t\t\t<div class=\"elementor-element elementor-element-edfb707 elementor-widget elementor-widget-text-editor\" data-id=\"edfb707\" data-element_type=\"widget\" data-e-type=\"widget\" data-widget_type=\"text-editor.default\">\n\t\t\t\t<div class=\"elementor-widget-container\">\n\t\t\t\t\t\t\t\t\t<p><span style=\"color: #000000;\"><b>Ekspertki i Eksperci forum<\/b> to osoby, kt\u00f3re swoj\u0105 wiedz\u0105 i do\u015bwiadczeniem wspieraj\u0105 uczestnik\u00f3w w dyskusjach. S\u0105 to naukowczynie, naukowcy, badaczki, badacze oraz praktycy, kt\u00f3rzy specjalizuj\u0105 si\u0119 w tematach poruszanych na forum &#8211; mi\u0119dzy innymi transporcie publicznym i zr\u00f3wnowa\u017conej mobilno\u015bci.<\/span><\/p>\t\t\t\t\t\t\t\t<\/div>\n\t\t\t\t<\/div>\n\t\t\t\t\t<\/div>\n\t\t\t\t<\/div>\n\t\t<div class=\"elementor-element elementor-element-ea887e1 e-flex e-con-boxed e-con e-parent\" data-id=\"ea887e1\" data-element_type=\"container\" data-e-type=\"container\">\n\t\t\t\t\t<div class=\"e-con-inner\">\n\t\t<div class=\"elementor-element elementor-element-14e9c05 e-con-full e-flex e-con e-child\" data-id=\"14e9c05\" data-element_type=\"container\" data-e-type=\"container\">\n\t\t\t\t<div class=\"elementor-element elementor-element-25992ea elementor-widget elementor-widget-image\" data-id=\"25992ea\" data-element_type=\"widget\" data-e-type=\"widget\" data-widget_type=\"image.default\">\n\t\t\t\t<div class=\"elementor-widget-container\">\n\t\t\t\t\t\t\t\t\t\t\t\t\t\t\t<img decoding=\"async\" src=\"https:\/\/forumobywatelskie.transportgzm.pl\/wp-content\/uploads\/elementor\/thumbs\/GK-qv2ou7k76xe6xkkss44d44rjzqxs5e38nx73zzk3p4.jpg\" title=\"Grzegorz Kwitek\" alt=\"zdj\u0119cie Grzegorz Kwitek\" loading=\"lazy\" \/>\t\t\t\t\t\t\t\t\t\t\t\t\t\t\t<\/div>\n\t\t\t\t<\/div>\n\t\t\t\t<\/div>\n\t\t<div class=\"elementor-element elementor-element-22f227e e-con-full e-flex e-con e-child\" data-id=\"22f227e\" data-element_type=\"container\" data-e-type=\"container\">\n\t\t\t\t<div class=\"elementor-element elementor-element-2f613ce elementor-widget elementor-widget-heading\" data-id=\"2f613ce\" data-element_type=\"widget\" data-e-type=\"widget\" data-widget_type=\"heading.default\">\n\t\t\t\t<div class=\"elementor-widget-container\">\n\t\t\t\t\t<h2 class=\"elementor-heading-title elementor-size-default\">Grzegorz Kwitek<\/h2>\t\t\t\t<\/div>\n\t\t\t\t<\/div>\n\t\t\t\t<div class=\"elementor-element elementor-element-892abf3 elementor-widget elementor-widget-text-editor\" data-id=\"892abf3\" data-element_type=\"widget\" data-e-type=\"widget\" data-widget_type=\"text-editor.default\">\n\t\t\t\t<div class=\"elementor-widget-container\">\n\t\t\t\t\t\t\t\t\t<p><span style=\"color: #000000;\">Cz\u0142onek zarz\u0105du G\u00f3rno\u015bl\u0105sko-Zag\u0142\u0119biowskiej Metropolii, w kt\u00f3rym odpowiada za sprawy zwi\u0105zane z mobilno\u015bci\u0105 miejsk\u0105, w tym organizowaniem transportu publicznego i budow\u0105 Kolei Metropolitalnej oraz zam\u00f3wieniami publicznymi. Nadzoruje r\u00f3wnie\u017c prac\u0119 Zarz\u0105du Transportu Metropolitalnego \u2013 jednostki organizacyjnej GZM.\u00a0<\/span><\/p>\t\t\t\t\t\t\t\t<\/div>\n\t\t\t\t<\/div>\n\t\t\t\t<\/div>\n\t\t\t\t\t<\/div>\n\t\t\t\t<\/div>\n\t\t<div class=\"elementor-element elementor-element-e3b296f e-flex e-con-boxed e-con e-parent\" data-id=\"e3b296f\" data-element_type=\"container\" data-e-type=\"container\">\n\t\t\t\t\t<div class=\"e-con-inner\">\n\t\t<div class=\"elementor-element elementor-element-128a479 e-con-full e-flex e-con e-child\" data-id=\"128a479\" data-element_type=\"container\" data-e-type=\"container\">\n\t\t\t\t<div class=\"elementor-element elementor-element-e3e4d72 elementor-widget elementor-widget-image\" data-id=\"e3e4d72\" data-element_type=\"widget\" data-e-type=\"widget\" data-widget_type=\"image.default\">\n\t\t\t\t<div class=\"elementor-widget-container\">\n\t\t\t\t\t\t\t\t\t\t\t\t\t\t\t<img decoding=\"async\" src=\"https:\/\/forumobywatelskie.transportgzm.pl\/wp-content\/uploads\/elementor\/thumbs\/zdjecie-MD-qv2ow46f1u04h3t4nfs4o5g7cvjkrann9ctk16qd2w.jpg\" title=\"Mariusz Dziesi\u0144ski\" alt=\"zdj\u0119cie Mariusz Dziesi\u0144ski\" loading=\"lazy\" \/>\t\t\t\t\t\t\t\t\t\t\t\t\t\t\t<\/div>\n\t\t\t\t<\/div>\n\t\t\t\t<\/div>\n\t\t<div class=\"elementor-element elementor-element-b02807f e-con-full e-flex e-con e-child\" data-id=\"b02807f\" data-element_type=\"container\" data-e-type=\"container\">\n\t\t\t\t<div class=\"elementor-element elementor-element-d642073 elementor-widget elementor-widget-heading\" data-id=\"d642073\" data-element_type=\"widget\" data-e-type=\"widget\" data-widget_type=\"heading.default\">\n\t\t\t\t<div class=\"elementor-widget-container\">\n\t\t\t\t\t<h2 class=\"elementor-heading-title elementor-size-default\">Mariusz Dziesi\u0144ski<\/h2>\t\t\t\t<\/div>\n\t\t\t\t<\/div>\n\t\t\t\t<div class=\"elementor-element elementor-element-eb84f84 elementor-widget elementor-widget-text-editor\" data-id=\"eb84f84\" data-element_type=\"widget\" data-e-type=\"widget\" data-widget_type=\"text-editor.default\">\n\t\t\t\t<div class=\"elementor-widget-container\">\n\t\t\t\t\t\t\t\t\t<p><span style=\"color: #000000;\">Zwi\u0105zany z komunikacj\u0105 miejsk\u0105 od roku 1996 r. Obecnie Zast\u0119pca Dyrektora Departamentu Komunikacji i Transportu w Urz\u0119dzie Metropolitalnym G\u00f3rno\u015bl\u0105sko-Zag\u0142\u0119biowskiej Metropolii. Odpowiada mi\u0119dzy innymi za kwestie zwi\u0105zane z integracj\u0105 taryfowo-biletow\u0105, a od marca 2024 roku r\u00f3wnie\u017c za tematyk\u0119 zwi\u0105zan\u0105 z budow\u0105 Kolei Metropolitalnej. Specjalizuje si\u0119 w przygotowywaniu za\u0142o\u017ce\u0144 i wymog\u00f3w dla nowych rozwi\u0105za\u0144 wdra\u017canych w GZM, takich jak system zliczania pasa\u017cer\u00f3w, solarne automaty biletowe, czy wy\u015bwietlacze dzia\u0142aj\u0105ce w technologii e-papieru. Prywatnie zapalony rowerzysta.<\/span><\/p>\t\t\t\t\t\t\t\t<\/div>\n\t\t\t\t<\/div>\n\t\t\t\t<\/div>\n\t\t\t\t\t<\/div>\n\t\t\t\t<\/div>\n\t\t<div class=\"elementor-element elementor-element-4fbd643 e-flex e-con-boxed e-con e-parent\" data-id=\"4fbd643\" data-element_type=\"container\" data-e-type=\"container\">\n\t\t\t\t\t<div class=\"e-con-inner\">\n\t\t<div class=\"elementor-element elementor-element-883bbd3 e-con-full e-flex e-con e-child\" data-id=\"883bbd3\" data-element_type=\"container\" data-e-type=\"container\">\n\t\t\t\t<div class=\"elementor-element elementor-element-ee1d7e0 elementor-widget elementor-widget-image\" data-id=\"ee1d7e0\" data-element_type=\"widget\" data-e-type=\"widget\" data-widget_type=\"image.default\">\n\t\t\t\t<div class=\"elementor-widget-container\">\n\t\t\t\t\t\t\t\t\t\t\t\t\t\t\t<img decoding=\"async\" src=\"https:\/\/forumobywatelskie.transportgzm.pl\/wp-content\/uploads\/elementor\/thumbs\/P.-Sylwestrzak-qutxz0a6j8cuo1laeesmij4dqkpgeu4fjvp0emdiuw.jpg\" title=\"Paulina Sylwestrzak\" alt=\"zdj\u0119cie Paulina Sylwestrzak\" loading=\"lazy\" \/>\t\t\t\t\t\t\t\t\t\t\t\t\t\t\t<\/div>\n\t\t\t\t<\/div>\n\t\t\t\t<\/div>\n\t\t<div class=\"elementor-element elementor-element-5cc52b0 e-con-full e-flex e-con e-child\" data-id=\"5cc52b0\" data-element_type=\"container\" data-e-type=\"container\">\n\t\t\t\t<div class=\"elementor-element elementor-element-759bde5 elementor-widget elementor-widget-heading\" data-id=\"759bde5\" data-element_type=\"widget\" data-e-type=\"widget\" data-widget_type=\"heading.default\">\n\t\t\t\t<div class=\"elementor-widget-container\">\n\t\t\t\t\t<h2 class=\"elementor-heading-title elementor-size-default\">Paulina Sylwestrzak<\/h2>\t\t\t\t<\/div>\n\t\t\t\t<\/div>\n\t\t\t\t<div class=\"elementor-element elementor-element-55cbfbf elementor-widget elementor-widget-text-editor\" data-id=\"55cbfbf\" data-element_type=\"widget\" data-e-type=\"widget\" data-widget_type=\"text-editor.default\">\n\t\t\t\t<div class=\"elementor-widget-container\">\n\t\t\t\t\t\t\t\t\t<p><span style=\"color: #000000;\">Pracownica Wydzia\u0142u Zr\u00f3wnowa\u017conej Mobilno\u015bci w Departamencie Komunikacji i Transportu w Urz\u0119dzie Metropolitalnym, in\u017cynier transportu, przez lata zwi\u0105zana z bran\u017c\u0105 kolejow\u0105.\u00a0<\/span><\/p>\t\t\t\t\t\t\t\t<\/div>\n\t\t\t\t<\/div>\n\t\t\t\t<\/div>\n\t\t\t\t\t<\/div>\n\t\t\t\t<\/div>\n\t\t<div class=\"elementor-element elementor-element-6ada3c8 e-flex e-con-boxed e-con e-parent\" data-id=\"6ada3c8\" data-element_type=\"container\" data-e-type=\"container\">\n\t\t\t\t\t<div class=\"e-con-inner\">\n\t\t<div class=\"elementor-element elementor-element-960248e e-con-full e-flex e-con e-child\" data-id=\"960248e\" data-element_type=\"container\" data-e-type=\"container\">\n\t\t\t\t<div class=\"elementor-element elementor-element-4b2c41b elementor-widget elementor-widget-image\" data-id=\"4b2c41b\" data-element_type=\"widget\" data-e-type=\"widget\" data-widget_type=\"image.default\">\n\t\t\t\t<div class=\"elementor-widget-container\">\n\t\t\t\t\t\t\t\t\t\t\t\t\t\t\t<img decoding=\"async\" src=\"https:\/\/forumobywatelskie.transportgzm.pl\/wp-content\/uploads\/elementor\/thumbs\/foto-Benek-copy-qv2oyinkilai58bimh5t1jmm0bpcfg6y98u86n656g.jpg\" title=\"dr in\u017c. arch. Iwona Benek\" alt=\"zdj\u0119cie doktor in\u017cynier architekt Iwona Benek\" loading=\"lazy\" \/>\t\t\t\t\t\t\t\t\t\t\t\t\t\t\t<\/div>\n\t\t\t\t<\/div>\n\t\t\t\t<\/div>\n\t\t<div class=\"elementor-element elementor-element-122857d e-con-full e-flex e-con e-child\" data-id=\"122857d\" data-element_type=\"container\" data-e-type=\"container\">\n\t\t\t\t<div class=\"elementor-element elementor-element-bf57b09 elementor-widget elementor-widget-heading\" data-id=\"bf57b09\" data-element_type=\"widget\" data-e-type=\"widget\" data-widget_type=\"heading.default\">\n\t\t\t\t<div class=\"elementor-widget-container\">\n\t\t\t\t\t<h2 class=\"elementor-heading-title elementor-size-default\">dr in\u017c. arch. Iwona Benek<\/h2>\t\t\t\t<\/div>\n\t\t\t\t<\/div>\n\t\t\t\t<div class=\"elementor-element elementor-element-72e4f3d elementor-widget elementor-widget-text-editor\" data-id=\"72e4f3d\" data-element_type=\"widget\" data-e-type=\"widget\" data-widget_type=\"text-editor.default\">\n\t\t\t\t<div class=\"elementor-widget-container\">\n\t\t\t\t\t\t\t\t\t<p><span style=\"color: #000000;\">Architekt, adiunkt na Wydziale Architektury Politechniki \u015al\u0105skiej. Specjalizuje si\u0119 w zagadnieniach projektowania uniwersalnego, ze szczeg\u00f3lnym uwzgl\u0119dnieniem os\u00f3b starszych z zaburzeniami poznawczymi. Prowadzi zaj\u0119cia z projektowania uniwersalnego na Wydziale Architektury Politechniki \u015al\u0105skiej, szkolenia z projektowania uniwersalnego oraz dost\u0119pno\u015bci architektonicznej i komunikacyjno-informacyjnej. Przeprowadza audyty dost\u0119pnos\u0301ci architektonicznej, przygotowuje ekspertyzy i rekomendacje (jest m. in. bieg\u0142ym w post\u0119powaniach skargowych na brak dost\u0119pno\u015bci).<\/span><\/p>\t\t\t\t\t\t\t\t<\/div>\n\t\t\t\t<\/div>\n\t\t\t\t<\/div>\n\t\t\t\t\t<\/div>\n\t\t\t\t<\/div>\n\t\t<div class=\"elementor-element elementor-element-0f40896 e-flex e-con-boxed e-con e-parent\" data-id=\"0f40896\" data-element_type=\"container\" data-e-type=\"container\">\n\t\t\t\t\t<div class=\"e-con-inner\">\n\t\t<div class=\"elementor-element elementor-element-15a8c1a e-con-full e-flex e-con e-child\" data-id=\"15a8c1a\" data-element_type=\"container\" data-e-type=\"container\">\n\t\t\t\t<div class=\"elementor-element elementor-element-1e56f07 elementor-widget elementor-widget-image\" data-id=\"1e56f07\" data-element_type=\"widget\" data-e-type=\"widget\" data-widget_type=\"image.default\">\n\t\t\t\t<div class=\"elementor-widget-container\">\n\t\t\t\t\t\t\t\t\t\t\t\t\t\t\t<img decoding=\"async\" src=\"https:\/\/forumobywatelskie.transportgzm.pl\/wp-content\/uploads\/elementor\/thumbs\/ja-bez-kd-qv2oz65j9g6o7hddt9bh9vp4uyhirvs8oh5d6k7auw.jpg\" title=\"Bogus\u0142aw Molecki\" alt=\"zdj\u0119cie Bogus\u0142aw Molecki\" loading=\"lazy\" \/>\t\t\t\t\t\t\t\t\t\t\t\t\t\t\t<\/div>\n\t\t\t\t<\/div>\n\t\t\t\t<\/div>\n\t\t<div class=\"elementor-element elementor-element-6b65ea2 e-con-full e-flex e-con e-child\" data-id=\"6b65ea2\" data-element_type=\"container\" data-e-type=\"container\">\n\t\t\t\t<div class=\"elementor-element elementor-element-10ad657 elementor-widget elementor-widget-heading\" data-id=\"10ad657\" data-element_type=\"widget\" data-e-type=\"widget\" data-widget_type=\"heading.default\">\n\t\t\t\t<div class=\"elementor-widget-container\">\n\t\t\t\t\t<h2 class=\"elementor-heading-title elementor-size-default\">Bogus\u0142aw Molecki<\/h2>\t\t\t\t<\/div>\n\t\t\t\t<\/div>\n\t\t\t\t<div class=\"elementor-element elementor-element-ab45c19 elementor-widget elementor-widget-text-editor\" data-id=\"ab45c19\" data-element_type=\"widget\" data-e-type=\"widget\" data-widget_type=\"text-editor.default\">\n\t\t\t\t<div class=\"elementor-widget-container\">\n\t\t\t\t\t\t\t\t\t<p><span style=\"color: #000000;\">In\u017cynier transportu. Urodzony w 1975 r. w Wa\u0142brzychu. Od 1981 r. mieszkaniec GOP, po 1995 r. na studiach we Wroc\u0142awiu. Na prze\u0142omie 1996 i 97 r. pracowa\u0142 w Zarz\u0105dzie Dr\u00f3g i Komunikacji. W latach 2000-14 wyk\u0142ada\u0142 na Politechnice Wroc\u0142awskiej dla student\u00f3w Budownictwa i Transportu. Mi\u0119dzy 2014 i 19 rokiem zarz\u0105dza\u0142 w Kolejach Dolno\u015bl\u0105skich S.A. <b><span style=\"font-weight: 400;\">\u2013 <\/span><\/b>jako dyrektor ds. handlowych, a nast\u0119pnie naczelnik przewoz\u00f3w. Od 2019 r. w Instytucie Rozwoju Terytorialnego we Wroc\u0142awiu <b><span style=\"font-weight: 400;\">\u2013 <\/span><\/b>obecnie jako koordynator modelowania w Zespole Transportu. G\u0142\u00f3wny autor obowi\u0105zuj\u0105cego Planu inwestycji transportowych wojew\u00f3dztwa dolno\u015bl\u0105skiego. Od 2018 r. wspomaga r\u00f3wnie\u017c takie dzia\u0142ania Metropolii: wsp\u00f3\u0142autor narz\u0119dziownik\u00f3w \u201eNie tra\u0107 czasu na dojazdy\u201d <b><span style=\"font-weight: 400;\">\u2013<\/span><\/b> dla mieszka\u0144c\u00f3w oraz \u201eDobra mobilno\u015b\u0107 <b><span style=\"font-weight: 400;\">\u2013 <\/span><\/b>od przeszk\u00f3d do rozwi\u0105za\u0144\u201d dla zarz\u0105dzaj\u0105cych transportem.<\/span><\/p><p><span style=\"color: #000000;\">Prywatnie ojciec tr\u00f3jki dzieci, kt\u00f3re posiadaj\u0105c uprawnienia do prowadzenia pojazd\u00f3w, aktywnie korzystaj\u0105 te\u017c z transportu zbiorowego <b><span style=\"font-weight: 400;\">\u2013<\/span><\/b> zale\u017cnie od bie\u017c\u0105cych potrzeb.<\/span><\/p>\t\t\t\t\t\t\t\t<\/div>\n\t\t\t\t<\/div>\n\t\t\t\t<\/div>\n\t\t\t\t\t<\/div>\n\t\t\t\t<\/div>\n\t\t\t\t<\/div>\n\t\t","protected":false},"excerpt":{"rendered":"<p>Ekspertki i eksperci Ekspertki i Eksperci forum to osoby, kt\u00f3re swoj\u0105 wiedz\u0105 i do\u015bwiadczeniem wspieraj\u0105 uczestnik\u00f3w w dyskusjach. S\u0105 to naukowczynie, naukowcy, badaczki, badacze oraz praktycy, kt\u00f3rzy specjalizuj\u0105 si\u0119 w tematach poruszanych na forum &#8211; mi\u0119dzy innymi transporcie publicznym i zr\u00f3wnowa\u017conej mobilno\u015bci. Grzegorz Kwitek Cz\u0142onek zarz\u0105du G\u00f3rno\u015bl\u0105sko-Zag\u0142\u0119biowskiej Metropolii, w kt\u00f3rym odpowiada za sprawy zwi\u0105zane z [&hellip;]<\/p>\n","protected":false},"author":2,"featured_media":0,"parent":0,"menu_order":0,"comment_status":"closed","ping_status":"closed","template":"","meta":{"footnotes":""},"class_list":["post-406","page","type-page","status-publish","hentry"],"_links":{"self":[{"href":"https:\/\/forumobywatelskie.transportgzm.pl\/index.php\/wp-json\/wp\/v2\/pages\/406","targetHints":{"allow":["GET"]}}],"collection":[{"href":"https:\/\/forumobywatelskie.transportgzm.pl\/index.php\/wp-json\/wp\/v2\/pages"}],"about":[{"href":"https:\/\/forumobywatelskie.transportgzm.pl\/index.php\/wp-json\/wp\/v2\/types\/page"}],"author":[{"embeddable":true,"href":"https:\/\/forumobywatelskie.transportgzm.pl\/index.php\/wp-json\/wp\/v2\/users\/2"}],"replies":[{"embeddable":true,"href":"https:\/\/forumobywatelskie.transportgzm.pl\/index.php\/wp-json\/wp\/v2\/comments?post=406"}],"version-history":[{"count":43,"href":"https:\/\/forumobywatelskie.transportgzm.pl\/index.php\/wp-json\/wp\/v2\/pages\/406\/revisions"}],"predecessor-version":[{"id":2328,"href":"https:\/\/forumobywatelskie.transportgzm.pl\/index.php\/wp-json\/wp\/v2\/pages\/406\/revisions\/2328"}],"wp:attachment":[{"href":"https:\/\/forumobywatelskie.transportgzm.pl\/index.php\/wp-json\/wp\/v2\/media?parent=406"}],"curies":[{"name":"wp","href":"https:\/\/api.w.org\/{rel}","templated":true}]}}