{"id":414,"date":"2024-09-28T15:26:52","date_gmt":"2024-09-28T13:26:52","guid":{"rendered":"https:\/\/forumobywatelskie2.transportgzm.pl\/?page_id=414"},"modified":"2025-04-29T08:15:29","modified_gmt":"2025-04-29T06:15:29","slug":"rekrutacja","status":"publish","type":"page","link":"https:\/\/forumobywatelskie.transportgzm.pl\/index.php\/rekrutacja\/","title":{"rendered":"Rekrutacja"},"content":{"rendered":"\t\t<div data-elementor-type=\"wp-page\" data-elementor-id=\"414\" class=\"elementor elementor-414\">\n\t\t\t\t<div class=\"elementor-element elementor-element-70db819 e-flex e-con-boxed e-con e-parent\" data-id=\"70db819\" data-element_type=\"container\" data-e-type=\"container\" data-settings=\"{&quot;background_background&quot;:&quot;classic&quot;}\">\n\t\t\t\t\t<div class=\"e-con-inner\">\n\t\t\t\t<div class=\"elementor-element elementor-element-1a5f3f5 elementor-widget elementor-widget-heading\" data-id=\"1a5f3f5\" data-element_type=\"widget\" data-e-type=\"widget\" data-widget_type=\"heading.default\">\n\t\t\t\t<div class=\"elementor-widget-container\">\n\t\t\t\t\t<h1 class=\"elementor-heading-title elementor-size-default\">Sk\u0142ad Forum<\/h1>\t\t\t\t<\/div>\n\t\t\t\t<\/div>\n\t\t\t\t\t<\/div>\n\t\t\t\t<\/div>\n\t\t<div class=\"elementor-element elementor-element-816eaa6 e-flex e-con-boxed e-con e-parent\" data-id=\"816eaa6\" data-element_type=\"container\" data-e-type=\"container\">\n\t\t\t\t\t<div class=\"e-con-inner\">\n\t\t<div class=\"elementor-element elementor-element-b8e3813 e-con-full e-flex e-con e-child\" data-id=\"b8e3813\" data-element_type=\"container\" data-e-type=\"container\">\n\t\t\t\t<div class=\"elementor-element elementor-element-fc6ae13 elementor-widget elementor-widget-text-editor\" data-id=\"fc6ae13\" data-element_type=\"widget\" data-e-type=\"widget\" data-widget_type=\"text-editor.default\">\n\t\t\t\t<div class=\"elementor-widget-container\">\n\t\t\t\t\t\t\t\t\t<p><span style=\"color: #000000;\">W pierwszej kolejno\u015bci wylosowano 4000 adres\u00f3w z bazy meldunkowej mieszka\u0144c\u00f3w Tarnowskich G\u00f3r, Bytomia, Radzionkowa, Piekar \u015al\u0105skich, Zabrza (Helenka i Rokitnica), Chorzowa oraz gminy \u015awierklaniec. Nast\u0119pnie wys\u0142ano pod te adresy zaproszenia poczt\u0105. Osoby zainteresowane mia\u0142y czas na rejestracj\u0119 przez formularz lub telefon. Nast\u0119pnie, z grupy os\u00f3b zarejestrowanych, wylosowano ostateczny sk\u0142ad forum.<\/span><\/p>\t\t\t\t\t\t\t\t<\/div>\n\t\t\t\t<\/div>\n\t\t\t\t<\/div>\n\t\t<div class=\"elementor-element elementor-element-0ed1dc7 e-con-full e-flex e-con e-child\" data-id=\"0ed1dc7\" data-element_type=\"container\" data-e-type=\"container\">\n\t\t\t\t<div class=\"elementor-element elementor-element-a972e5c elementor-widget elementor-widget-image\" data-id=\"a972e5c\" data-element_type=\"widget\" data-e-type=\"widget\" data-widget_type=\"image.default\">\n\t\t\t\t<div class=\"elementor-widget-container\">\n\t\t\t\t\t\t\t\t\t\t\t\t\t\t\t<img fetchpriority=\"high\" decoding=\"async\" width=\"800\" height=\"420\" src=\"https:\/\/forumobywatelskie.transportgzm.pl\/wp-content\/uploads\/2024\/10\/3-1024x538.png\" class=\"attachment-large size-large wp-image-1247\" alt=\"Zdj\u0119cie przedstawia stosy bia\u0142ych kopert z nadrukowanymi rysunkami i zielonymi znaczkami. Na wierzchu le\u017cy plik niebieskich naklejek z napisem &quot;PRIORYTET&quot;. W tle widoczne s\u0105 fragmenty kartonowych pude\u0142. Na kopertach nadrukowany jest rysunek przedstawiaj\u0105cy poci\u0105g i spaceruj\u0105cych ludzi.\" srcset=\"https:\/\/forumobywatelskie.transportgzm.pl\/wp-content\/uploads\/2024\/10\/3-1024x538.png 1024w, https:\/\/forumobywatelskie.transportgzm.pl\/wp-content\/uploads\/2024\/10\/3-300x158.png 300w, https:\/\/forumobywatelskie.transportgzm.pl\/wp-content\/uploads\/2024\/10\/3-768x403.png 768w, https:\/\/forumobywatelskie.transportgzm.pl\/wp-content\/uploads\/2024\/10\/3.png 1200w\" sizes=\"(max-width: 800px) 100vw, 800px\" \/>\t\t\t\t\t\t\t\t\t\t\t\t\t\t\t<\/div>\n\t\t\t\t<\/div>\n\t\t\t\t<\/div>\n\t\t\t\t\t<\/div>\n\t\t\t\t<\/div>\n\t\t\t\t<\/div>\n\t\t","protected":false},"excerpt":{"rendered":"<p>Sk\u0142ad Forum W pierwszej kolejno\u015bci wylosowano 4000 adres\u00f3w z bazy meldunkowej mieszka\u0144c\u00f3w Tarnowskich G\u00f3r, Bytomia, Radzionkowa, Piekar \u015al\u0105skich, Zabrza (Helenka i Rokitnica), Chorzowa oraz gminy \u015awierklaniec. Nast\u0119pnie wys\u0142ano pod te adresy zaproszenia poczt\u0105. Osoby zainteresowane mia\u0142y czas na rejestracj\u0119 przez formularz lub telefon. Nast\u0119pnie, z grupy os\u00f3b zarejestrowanych, wylosowano ostateczny sk\u0142ad forum.<\/p>\n","protected":false},"author":2,"featured_media":0,"parent":0,"menu_order":0,"comment_status":"closed","ping_status":"closed","template":"","meta":{"footnotes":""},"class_list":["post-414","page","type-page","status-publish","hentry"],"_links":{"self":[{"href":"https:\/\/forumobywatelskie.transportgzm.pl\/index.php\/wp-json\/wp\/v2\/pages\/414","targetHints":{"allow":["GET"]}}],"collection":[{"href":"https:\/\/forumobywatelskie.transportgzm.pl\/index.php\/wp-json\/wp\/v2\/pages"}],"about":[{"href":"https:\/\/forumobywatelskie.transportgzm.pl\/index.php\/wp-json\/wp\/v2\/types\/page"}],"author":[{"embeddable":true,"href":"https:\/\/forumobywatelskie.transportgzm.pl\/index.php\/wp-json\/wp\/v2\/users\/2"}],"replies":[{"embeddable":true,"href":"https:\/\/forumobywatelskie.transportgzm.pl\/index.php\/wp-json\/wp\/v2\/comments?post=414"}],"version-history":[{"count":58,"href":"https:\/\/forumobywatelskie.transportgzm.pl\/index.php\/wp-json\/wp\/v2\/pages\/414\/revisions"}],"predecessor-version":[{"id":2264,"href":"https:\/\/forumobywatelskie.transportgzm.pl\/index.php\/wp-json\/wp\/v2\/pages\/414\/revisions\/2264"}],"wp:attachment":[{"href":"https:\/\/forumobywatelskie.transportgzm.pl\/index.php\/wp-json\/wp\/v2\/media?parent=414"}],"curies":[{"name":"wp","href":"https:\/\/api.w.org\/{rel}","templated":true}]}}