{"id":419,"date":"2024-09-28T15:27:25","date_gmt":"2024-09-28T13:27:25","guid":{"rendered":"https:\/\/forumobywatelskie2.transportgzm.pl\/?page_id=419"},"modified":"2025-04-29T08:23:51","modified_gmt":"2025-04-29T06:23:51","slug":"pierwsze-losowanie","status":"publish","type":"page","link":"https:\/\/forumobywatelskie.transportgzm.pl\/index.php\/pierwsze-losowanie\/","title":{"rendered":"Pierwsze losowanie"},"content":{"rendered":"\t\t<div data-elementor-type=\"wp-page\" data-elementor-id=\"419\" class=\"elementor elementor-419\">\n\t\t\t\t<div class=\"elementor-element elementor-element-2d74018 e-flex e-con-boxed e-con e-parent\" data-id=\"2d74018\" data-element_type=\"container\" data-e-type=\"container\">\n\t\t\t\t\t<div class=\"e-con-inner\">\n\t\t\t\t<div class=\"elementor-element elementor-element-4517062 elementor-widget elementor-widget-heading\" data-id=\"4517062\" data-element_type=\"widget\" data-e-type=\"widget\" data-widget_type=\"heading.default\">\n\t\t\t\t<div class=\"elementor-widget-container\">\n\t\t\t\t\t<h1 class=\"elementor-heading-title elementor-size-default\">Pierwsze losowanie<\/h1>\t\t\t\t<\/div>\n\t\t\t\t<\/div>\n\t\t\t\t\t<\/div>\n\t\t\t\t<\/div>\n\t\t<div class=\"elementor-element elementor-element-8a97b69 e-flex e-con-boxed e-con e-parent\" data-id=\"8a97b69\" data-element_type=\"container\" data-e-type=\"container\">\n\t\t\t\t\t<div class=\"e-con-inner\">\n\t\t<div class=\"elementor-element elementor-element-9b5ba68 e-con-full e-flex e-con e-child\" data-id=\"9b5ba68\" data-element_type=\"container\" data-e-type=\"container\">\n\t\t\t\t<div class=\"elementor-element elementor-element-15163b7 elementor-widget__width-initial elementor-widget elementor-widget-text-editor\" data-id=\"15163b7\" data-element_type=\"widget\" data-e-type=\"widget\" data-widget_type=\"text-editor.default\">\n\t\t\t\t<div class=\"elementor-widget-container\">\n\t\t\t\t\t\t\t\t\t<p>14 sierpnia 2024 roku Realizator forum wylosowa\u0142 4 tysi\u0105ce adres\u00f3w gospodarstw domowych z obszaru Bytomia, Chorzowa, Piekar \u015al\u0105skich, Radzionkowa, \u015awierkla\u0144ca, Tarnowskich G\u00f3r oraz Zabrza (a dok\u0142adnie z dzielnic Rokitnica i Helenka), proporcjonalnie do liczby os\u00f3b zameldowanych na danym obszarze. Adresy pochodzi\u0142y z bazy meldunkowej. Losowanie odby\u0142o si\u0119 w siedzibie Realizatora, czyli w Fundacji na rzecz Studi\u00f3w Europejskich i by\u0142o transmitowane na \u017cywo na platformie YouTube. <a href=\"https:\/\/forumobywatelskie.transportgzm.pl\/wp-content\/uploads\/2025\/04\/Opis-pierwszego-losowania.pdf\">Dok\u0142adny opis losowania &#8211; link.<\/a><\/p>\t\t\t\t\t\t\t\t<\/div>\n\t\t\t\t<\/div>\n\t\t\t\t<\/div>\n\t\t\t\t\t<\/div>\n\t\t\t\t<\/div>\n\t\t<div class=\"elementor-element elementor-element-1b4c285 e-flex e-con-boxed e-con e-parent\" data-id=\"1b4c285\" data-element_type=\"container\" data-e-type=\"container\">\n\t\t\t\t\t<div class=\"e-con-inner\">\n\t\t\t\t<div class=\"elementor-element elementor-element-4b69970 elementor-widget elementor-widget-heading\" data-id=\"4b69970\" data-element_type=\"widget\" data-e-type=\"widget\" data-widget_type=\"heading.default\">\n\t\t\t\t<div class=\"elementor-widget-container\">\n\t\t\t\t\t<h2 class=\"elementor-heading-title elementor-size-default\">Nagranie pierwszego losowania os\u00f3b uczestnicz\u0105cych w Forum Obywatelskim G\u00f3rno\u015bl\u0105sko-Zag\u0142\u0119biowskiej Metropolii<\/h2>\t\t\t\t<\/div>\n\t\t\t\t<\/div>\n\t\t\t\t\t<\/div>\n\t\t\t\t<\/div>\n\t\t<div class=\"elementor-element elementor-element-970fa58 e-con-full e-flex e-con e-parent\" data-id=\"970fa58\" data-element_type=\"container\" data-e-type=\"container\">\n\t\t\t\t<div class=\"elementor-element elementor-element-dcbb397 elementor-widget__width-initial elementor-widget elementor-widget-video\" data-id=\"dcbb397\" data-element_type=\"widget\" data-e-type=\"widget\" data-settings=\"{&quot;youtube_url&quot;:&quot;https:\\\/\\\/www.youtube.com\\\/watch?v=8rT5EriwZPA&quot;,&quot;video_type&quot;:&quot;youtube&quot;,&quot;controls&quot;:&quot;yes&quot;}\" data-widget_type=\"video.default\">\n\t\t\t\t<div class=\"elementor-widget-container\">\n\t\t\t\t\t\t\t<div class=\"elementor-wrapper elementor-open-inline\">\n\t\t\t<div class=\"elementor-video\"><\/div>\t\t<\/div>\n\t\t\t\t\t\t<\/div>\n\t\t\t\t<\/div>\n\t\t\t\t<\/div>\n\t\t<div class=\"elementor-element elementor-element-8b06d12 e-flex e-con-boxed e-con e-parent\" data-id=\"8b06d12\" data-element_type=\"container\" data-e-type=\"container\">\n\t\t\t\t\t<div class=\"e-con-inner\">\n\t\t\t\t<div class=\"elementor-element elementor-element-d7db81c elementor-widget elementor-widget-text-editor\" data-id=\"d7db81c\" data-element_type=\"widget\" data-e-type=\"widget\" data-widget_type=\"text-editor.default\">\n\t\t\t\t<div class=\"elementor-widget-container\">\n\t\t\t\t\t\t\t\t\t<table style=\"height: 315px; width: 100%; border: 1px solid black; border-collapse: collapse; table-layout: auto;\">\n  <tbody>\n    <tr>\n      <th style=\"border: 1px solid black; padding: 10px; text-align: center; min-width: 40px;\"><b>L.p.<\/b><\/th>\n      <th style=\"border: 1px solid black; padding: 10px; text-align: center;\"><b> Miejscowo\u015b\u0107<\/b><\/th>\n      <th style=\"border: 1px solid black; padding: 10px; text-align: center;\"><b>Liczba os\u00f3b zameldowanych<\/b><\/th>\n      <th style=\"border: 1px solid black; padding: 10px; text-align: center;\"><b>Odsetek os\u00f3b zameldowanych<\/b><\/th>\n      <th style=\"border: 1px solid black; padding: 10px; text-align: center;\"><b>Liczba zaprosze\u0144<\/b><\/th>\n    <\/tr>\n    <tr>\n      <td style=\"border: 1px solid black; padding: 10px; text-align: center; min-width: 40px;\"><b>1<\/b><\/td>\n      <td style=\"border: 1px solid black; padding: 10px; text-align: center;\">Bytom<\/td>\n      <td style=\"border: 1px solid black; padding: 10px; text-align: center;\">135 645<\/td>\n      <td style=\"border: 1px solid black; padding: 10px; text-align: center;\">35,5%<\/td>\n      <td style=\"border: 1px solid black; padding: 10px; text-align: center;\">1 418<\/td>\n    <\/tr>\n    <tr>\n      <td style=\"border: 1px solid black; padding: 10px; text-align: center; min-width: 40px;\"><b>2<\/b><\/td>\n      <td style=\"border: 1px solid black; padding: 10px; text-align: center;\">Chorz\u00f3w<\/td>\n      <td style=\"border: 1px solid black; padding: 10px; text-align: center;\">92 051<\/td>\n      <td style=\"border: 1px solid black; padding: 10px; text-align: center;\">24%<\/td>\n      <td style=\"border: 1px solid black; padding: 10px; text-align: center;\">962<\/td>\n    <\/tr>\n    <tr>\n      <td style=\"border: 1px solid black; padding: 10px; text-align: center; min-width: 40px;\"><b>3<\/b><\/td>\n      <td style=\"border: 1px solid black; padding: 10px; text-align: center;\">Piekary \u015al\u0105skie<\/td>\n      <td style=\"border: 1px solid black; padding: 10px; text-align: center;\">49 601<\/td>\n      <td style=\"border: 1px solid black; padding: 10px; text-align: center;\">13%<\/td>\n      <td style=\"border: 1px solid black; padding: 10px; text-align: center;\">519<\/td>\n    <\/tr>\n    <tr>\n      <td style=\"border: 1px solid black; padding: 10px; text-align: center; min-width: 40px;\"><b>4<\/b><\/td>\n      <td style=\"border: 1px solid black; padding: 10px; text-align: center;\">Radzionk\u00f3w<\/td>\n      <td style=\"border: 1px solid black; padding: 10px; text-align: center;\">15 698<\/td>\n      <td style=\"border: 1px solid black; padding: 10px; text-align: center;\">4,1%<\/td>\n      <td style=\"border: 1px solid black; padding: 10px; text-align: center;\">164<\/td>\n    <\/tr>\n    <tr>\n      <td style=\"border: 1px solid black; padding: 10px; text-align: center; min-width: 40px;\"><b>5<\/b><\/td>\n      <td style=\"border: 1px solid black; padding: 10px; text-align: center;\">\u015awierklaniec<\/td>\n      <td style=\"border: 1px solid black; padding: 10px; text-align: center;\">12 325<\/td>\n      <td style=\"border: 1px solid black; padding: 10px; text-align: center;\">3,2%<\/td>\n      <td style=\"border: 1px solid black; padding: 10px; text-align: center;\">129<\/td>\n    <\/tr>\n    <tr>\n      <td style=\"border: 1px solid black; padding: 10px; text-align: center; min-width: 40px;\"><b>6<\/b><\/td>\n      <td style=\"border: 1px solid black; padding: 10px; text-align: center;\">Tarnowskie G\u00f3ry<\/td>\n      <td style=\"border: 1px solid black; padding: 10px; text-align: center;\">57 390<\/td>\n      <td style=\"border: 1px solid black; padding: 10px; text-align: center;\">15%<\/td>\n      <td style=\"border: 1px solid black; padding: 10px; text-align: center;\">600<\/td>\n    <\/tr>\n    <tr>\n      <td style=\"border: 1px solid black; padding: 10px; text-align: center; min-width: 40px;\"><b>7<\/b><\/td>\n      <td style=\"border: 1px solid black; padding: 10px; text-align: center;\">Zabrze (Helenka, Rokitnica)<\/td>\n      <td style=\"border: 1px solid black; padding: 10px; text-align: center;\">19 893<\/td>\n      <td style=\"border: 1px solid black; padding: 10px; text-align: center;\">5,2%<\/td>\n      <td style=\"border: 1px solid black; padding: 10px; text-align: center;\">208<\/td>\n    <\/tr>\n    <tr>\n      <td style=\"border: 1px solid black; padding: 10px; text-align: center; min-width: 40px;\"><\/td>\n      <td style=\"border: 1px solid black; padding: 10px; text-align: center;\"><b>OG\u00d3\u0141EM<\/b><\/td>\n      <td style=\"border: 1px solid black; padding: 10px; text-align: center;\"><b>382 602<\/b><\/td>\n      <td style=\"border: 1px solid black; padding: 10px; text-align: center;\"><b>100%<\/b><\/td>\n      <td style=\"border: 1px solid black; padding: 10px; text-align: center;\"><b>4 000<\/b><\/td>\n    <\/tr>\n  <\/tbody>\n<\/table>\n\n\t\t\t\t\t\t\t\t<\/div>\n\t\t\t\t<\/div>\n\t\t\t\t<div class=\"elementor-element elementor-element-c01b0df elementor-widget elementor-widget-text-editor\" data-id=\"c01b0df\" data-element_type=\"widget\" data-e-type=\"widget\" data-widget_type=\"text-editor.default\">\n\t\t\t\t<div class=\"elementor-widget-container\">\n\t\t\t\t\t\t\t\t\t<p><span style=\"color: #000000;\">Powy\u017csza tabela pokazuje liczb\u0119 zaprosze\u0144 wys\u0142anych do mieszka\u0144c\u00f3w poszczeg\u00f3lnych gmin.<\/span> <\/p>\t\t\t\t\t\t\t\t<\/div>\n\t\t\t\t<\/div>\n\t\t\t\t\t<\/div>\n\t\t\t\t<\/div>\n\t\t<div class=\"elementor-element elementor-element-19adde8 e-flex e-con-boxed e-con e-parent\" data-id=\"19adde8\" data-element_type=\"container\" data-e-type=\"container\">\n\t\t\t\t\t<div class=\"e-con-inner\">\n\t\t<div class=\"elementor-element elementor-element-c5b2e7a e-con-full e-flex e-con e-child\" data-id=\"c5b2e7a\" data-element_type=\"container\" data-e-type=\"container\">\n\t\t\t\t<\/div>\n\t\t\t\t<div class=\"elementor-element elementor-element-e5cbc0d elementor-arrows-position-inside elementor-pagination-position-outside elementor-widget elementor-widget-image-carousel\" data-id=\"e5cbc0d\" data-element_type=\"widget\" data-e-type=\"widget\" data-settings=\"{&quot;slides_to_show&quot;:&quot;1&quot;,&quot;navigation&quot;:&quot;both&quot;,&quot;autoplay&quot;:&quot;yes&quot;,&quot;pause_on_hover&quot;:&quot;yes&quot;,&quot;pause_on_interaction&quot;:&quot;yes&quot;,&quot;autoplay_speed&quot;:5000,&quot;infinite&quot;:&quot;yes&quot;,&quot;effect&quot;:&quot;slide&quot;,&quot;speed&quot;:500}\" data-widget_type=\"image-carousel.default\">\n\t\t\t\t<div class=\"elementor-widget-container\">\n\t\t\t\t\t\t\t<div class=\"elementor-image-carousel-wrapper swiper\" role=\"region\" aria-roledescription=\"carousel\" aria-label=\"Karuzela obrazk\u00f3w\" dir=\"ltr\">\n\t\t\t<div class=\"elementor-image-carousel swiper-wrapper\" aria-live=\"off\">\n\t\t\t\t\t\t\t\t<div class=\"swiper-slide\" role=\"group\" aria-roledescription=\"slide\" aria-label=\"1 z 4\"><figure class=\"swiper-slide-inner\"><img decoding=\"async\" class=\"swiper-slide-image\" src=\"https:\/\/forumobywatelskie.transportgzm.pl\/wp-content\/uploads\/2024\/10\/2-768x403.png\" alt=\"Grafika przedstawia trzy pionowe kadry, ka\u017cdy ukazuj\u0105cy stosy bia\u0142ych kopert z naklejonymi znaczkami. Na pierwszym kadrze stos kopert stoi obok doniczki z ro\u015blin\u0105. Drugi kadr pokazuje d\u0142o\u0144 wchodz\u0105c\u0105 w kadr i dotykaj\u0105c\u0105 koperty. Na trzecim kadrze koperty s\u0105 rozrzucone na blacie.\" \/><\/figure><\/div><div class=\"swiper-slide\" role=\"group\" aria-roledescription=\"slide\" aria-label=\"2 z 4\"><figure class=\"swiper-slide-inner\"><img decoding=\"async\" class=\"swiper-slide-image\" src=\"https:\/\/forumobywatelskie.transportgzm.pl\/wp-content\/uploads\/2024\/10\/3-768x403.png\" alt=\"Zdj\u0119cie przedstawia stosy bia\u0142ych kopert z nadrukowanymi rysunkami i zielonymi znaczkami. Na wierzchu le\u017cy plik niebieskich naklejek z napisem &quot;PRIORYTET&quot;. W tle widoczne s\u0105 fragmenty kartonowych pude\u0142. Na kopertach nadrukowany jest rysunek przedstawiaj\u0105cy poci\u0105g i spaceruj\u0105cych ludzi.\" \/><\/figure><\/div><div class=\"swiper-slide\" role=\"group\" aria-roledescription=\"slide\" aria-label=\"3 z 4\"><figure class=\"swiper-slide-inner\"><img decoding=\"async\" class=\"swiper-slide-image\" src=\"https:\/\/forumobywatelskie.transportgzm.pl\/wp-content\/uploads\/2024\/10\/4-768x403.png\" alt=\"Zdj\u0119cie przedstawia stos bia\u0142ych kopert z nadrukowanym logo Transport GZM i napisem &quot;G\u00f3rno\u015bl\u0105sko-Zag\u0142\u0119biowska Metropolia&quot;. Na kopertach widoczne s\u0105 r\u00f3wnie\u017c niebieskie naklejki z napisem &quot;PRIORYTET&quot; w kilku j\u0119zykach. W lewym dolnym rogu kadru wida\u0107 fragment kartonowego pude\u0142ka.\" \/><\/figure><\/div><div class=\"swiper-slide\" role=\"group\" aria-roledescription=\"slide\" aria-label=\"4 z 4\"><figure class=\"swiper-slide-inner\"><img decoding=\"async\" class=\"swiper-slide-image\" src=\"https:\/\/forumobywatelskie.transportgzm.pl\/wp-content\/uploads\/2024\/10\/1-768x403.png\" alt=\"Zdj\u0119cie przedstawia kobiet\u0119 pracuj\u0105c\u0105 przy biurku. Po lewej stronie kadru kobieta siedzi przy biurku i u\u015bmiecha si\u0119. Na biurku le\u017c\u0105 koperty, linijka i znaczki. Po prawej stronie kadru osoba stoi i trzyma stosy bia\u0142ych kopert. W tle widoczne s\u0105 kartonowe pude\u0142ka i meble.\" \/><\/figure><\/div>\t\t\t<\/div>\n\t\t\t\t\t\t\t\t\t\t\t\t<div class=\"elementor-swiper-button elementor-swiper-button-prev\" role=\"button\" tabindex=\"0\">\n\t\t\t\t\t\t<svg aria-hidden=\"true\" class=\"e-font-icon-svg e-eicon-chevron-left\" viewBox=\"0 0 1000 1000\" xmlns=\"http:\/\/www.w3.org\/2000\/svg\"><path d=\"M646 125C629 125 613 133 604 142L308 442C296 454 292 471 292 487 292 504 296 521 308 533L604 854C617 867 629 875 646 875 663 875 679 871 692 858 704 846 713 829 713 812 713 796 708 779 692 767L438 487 692 225C700 217 708 204 708 187 708 171 704 154 692 142 675 129 663 125 646 125Z\"><\/path><\/svg>\t\t\t\t\t<\/div>\n\t\t\t\t\t<div class=\"elementor-swiper-button elementor-swiper-button-next\" role=\"button\" tabindex=\"0\">\n\t\t\t\t\t\t<svg aria-hidden=\"true\" class=\"e-font-icon-svg e-eicon-chevron-right\" viewBox=\"0 0 1000 1000\" xmlns=\"http:\/\/www.w3.org\/2000\/svg\"><path d=\"M696 533C708 521 713 504 713 487 713 471 708 454 696 446L400 146C388 133 375 125 354 125 338 125 325 129 313 142 300 154 292 171 292 187 292 204 296 221 308 233L563 492 304 771C292 783 288 800 288 817 288 833 296 850 308 863 321 871 338 875 354 875 371 875 388 867 400 854L696 533Z\"><\/path><\/svg>\t\t\t\t\t<\/div>\n\t\t\t\t\n\t\t\t\t\t\t\t\t\t<div class=\"swiper-pagination\"><\/div>\n\t\t\t\t\t\t\t\t\t<\/div>\n\t\t\t\t\t\t<\/div>\n\t\t\t\t<\/div>\n\t\t\t\t\t<\/div>\n\t\t\t\t<\/div>\n\t\t\t\t<\/div>\n\t\t","protected":false},"excerpt":{"rendered":"<p>Pierwsze losowanie 14 sierpnia 2024 roku Realizator forum wylosowa\u0142 4 tysi\u0105ce adres\u00f3w gospodarstw domowych z obszaru Bytomia, Chorzowa, Piekar \u015al\u0105skich, Radzionkowa, \u015awierkla\u0144ca, Tarnowskich G\u00f3r oraz Zabrza (a dok\u0142adnie z dzielnic Rokitnica i Helenka), proporcjonalnie do liczby os\u00f3b zameldowanych na danym obszarze. Adresy pochodzi\u0142y z bazy meldunkowej. Losowanie odby\u0142o si\u0119 w siedzibie Realizatora, czyli w Fundacji [&hellip;]<\/p>\n","protected":false},"author":2,"featured_media":0,"parent":0,"menu_order":0,"comment_status":"closed","ping_status":"closed","template":"","meta":{"footnotes":""},"class_list":["post-419","page","type-page","status-publish","hentry"],"_links":{"self":[{"href":"https:\/\/forumobywatelskie.transportgzm.pl\/index.php\/wp-json\/wp\/v2\/pages\/419","targetHints":{"allow":["GET"]}}],"collection":[{"href":"https:\/\/forumobywatelskie.transportgzm.pl\/index.php\/wp-json\/wp\/v2\/pages"}],"about":[{"href":"https:\/\/forumobywatelskie.transportgzm.pl\/index.php\/wp-json\/wp\/v2\/types\/page"}],"author":[{"embeddable":true,"href":"https:\/\/forumobywatelskie.transportgzm.pl\/index.php\/wp-json\/wp\/v2\/users\/2"}],"replies":[{"embeddable":true,"href":"https:\/\/forumobywatelskie.transportgzm.pl\/index.php\/wp-json\/wp\/v2\/comments?post=419"}],"version-history":[{"count":112,"href":"https:\/\/forumobywatelskie.transportgzm.pl\/index.php\/wp-json\/wp\/v2\/pages\/419\/revisions"}],"predecessor-version":[{"id":2268,"href":"https:\/\/forumobywatelskie.transportgzm.pl\/index.php\/wp-json\/wp\/v2\/pages\/419\/revisions\/2268"}],"wp:attachment":[{"href":"https:\/\/forumobywatelskie.transportgzm.pl\/index.php\/wp-json\/wp\/v2\/media?parent=419"}],"curies":[{"name":"wp","href":"https:\/\/api.w.org\/{rel}","templated":true}]}}