{"id":425,"date":"2024-09-28T15:27:57","date_gmt":"2024-09-28T13:27:57","guid":{"rendered":"https:\/\/forumobywatelskie2.transportgzm.pl\/?page_id=425"},"modified":"2025-04-30T13:43:45","modified_gmt":"2025-04-30T11:43:45","slug":"sklad-forum","status":"publish","type":"page","link":"https:\/\/forumobywatelskie.transportgzm.pl\/index.php\/sklad-forum\/","title":{"rendered":"Sk\u0142ad forum"},"content":{"rendered":"\t\t<div data-elementor-type=\"wp-page\" data-elementor-id=\"425\" class=\"elementor elementor-425\">\n\t\t\t\t<div class=\"elementor-element elementor-element-5f174ab e-flex e-con-boxed e-con e-parent\" data-id=\"5f174ab\" data-element_type=\"container\" data-e-type=\"container\">\n\t\t\t\t\t<div class=\"e-con-inner\">\n\t\t<div class=\"elementor-element elementor-element-408ce7b e-con-full e-flex e-con e-child\" data-id=\"408ce7b\" data-element_type=\"container\" data-e-type=\"container\">\n\t\t\t\t<div class=\"elementor-element elementor-element-ed48682 elementor-widget elementor-widget-heading\" data-id=\"ed48682\" data-element_type=\"widget\" data-e-type=\"widget\" data-widget_type=\"heading.default\">\n\t\t\t\t<div class=\"elementor-widget-container\">\n\t\t\t\t\t<h1 class=\"elementor-heading-title elementor-size-default\">Ostateczny sk\u0142ad Forum<\/h1>\t\t\t\t<\/div>\n\t\t\t\t<\/div>\n\t\t\t\t<div class=\"elementor-element elementor-element-1e05189 elementor-widget elementor-widget-text-editor\" data-id=\"1e05189\" data-element_type=\"widget\" data-e-type=\"widget\" data-widget_type=\"text-editor.default\">\n\t\t\t\t<div class=\"elementor-widget-container\">\n\t\t\t\t\t\t\t\t\t<p><span style=\"font-weight: 400; color: #000000;\">Do udzia\u0142u w forum zosta\u0142o ostatecznie wylosowanych 48 os\u00f3b. Zgodnie z przyj\u0119tymi wcze\u015bniej kryteriami, osoby te powinny reprezentowa\u0107 r\u00f3\u017cne cechy.\u00a0<\/span><\/p><ul><li style=\"font-weight: 400;\" aria-level=\"1\"><span style=\"font-weight: 400; color: #000000;\">Finalnie w tej grupie znalaz\u0142y si\u0119 3 osoby z wykszta\u0142ceniem podstawowym, 17 ze \u015brednim, 5 z zawodowym oraz 23 osoby z wy\u017cszym.\u00a0<\/span><\/li><li style=\"font-weight: 400;\" aria-level=\"1\"><span style=\"font-weight: 400; color: #000000;\">Osoby te s\u0105 zr\u00f3\u017cnicowane je\u015bli chodzi o wiek. W przedzia\u0142ach od 16 do 24 lat znalaz\u0142o si\u0119 6 os\u00f3b; od 25 do 39 lat &#8211; 13 os\u00f3b; od 40 &#8211; 64 lat &#8211; 20; 65 lat i wi\u0119cej &#8211; 9 os\u00f3b.<\/span><\/li><li style=\"font-weight: 400;\" aria-level=\"1\"><span style=\"font-weight: 400; color: #000000;\">7 os\u00f3b zadeklarowa\u0142o, \u017ce s\u0105 rodzicem lub opiekunem prawnym osoby\/os\u00f3b niepe\u0142noletnich. 4 osoby zaznaczy\u0142y, i\u017c chodzi o jedn\u0105 osob\u0119 niepe\u0142noletni\u0105, a 3 \u017ce pod swoj\u0105 opiek\u0105 maj\u0105 dwie lub wi\u0119cej os\u00f3b niepe\u0142noletnich.<\/span><\/li><li style=\"font-weight: 400;\" aria-level=\"1\"><span style=\"font-weight: 400; color: #000000;\">48% tych os\u00f3b to m\u0119\u017cczy\u017ani a 52% to kobiety.<\/span><\/li><li style=\"font-weight: 400;\" aria-level=\"1\"><span style=\"font-weight: 400; color: #000000;\">30 os\u00f3b zadeklarowa\u0142o, \u017ce ich najcz\u0119\u015bciej wybieranym \u015brodkiem transportu jest tramwaj, autobus lub poci\u0105g; dla 17 os\u00f3b tym \u015brodkiem jest samoch\u00f3d; 1 osoba porusza si\u0119 najcz\u0119\u015bciej innym ni\u017c wcze\u015bniej wymienione \u015brodkiem transportu.<\/span><\/li><\/ul><p><span style=\"font-weight: 400; color: #000000;\">Proporcjonalnie do ilo\u015bci os\u00f3b zameldowanych wylosowano osoby z konkretnych gmin. Najwi\u0119cej, bo a\u017c 15 pochodzi z Bytomia. Nast\u0119pnie swoich reprezentant\u00f3w w procesie maj\u0105 kolejno: Chorz\u00f3w &#8211; 10 os\u00f3b, Tarnowskie G\u00f3ry &#8211; 8 os\u00f3b, Piekary \u015al\u0105skie &#8211; 7 os\u00f3b, Radzionk\u00f3w &#8211; 2 osoby, oraz\u00a0 dwie zabrza\u0144skie dzielnice: Rokitnica &#8211; 2 osoby oraz Helenka &#8211; 1 osoba.<\/span><\/p>\t\t\t\t\t\t\t\t<\/div>\n\t\t\t\t<\/div>\n\t\t\t\t<\/div>\n\t\t<div class=\"elementor-element elementor-element-01de17e e-con-full e-flex e-con e-child\" data-id=\"01de17e\" data-element_type=\"container\" data-e-type=\"container\">\n\t\t<div class=\"elementor-element elementor-element-3439bb0 e-con-full e-flex e-con e-child\" data-id=\"3439bb0\" data-element_type=\"container\" data-e-type=\"container\">\n\t\t\t\t<div class=\"elementor-element elementor-element-dce8f70 elementor-widget elementor-widget-image\" data-id=\"dce8f70\" data-element_type=\"widget\" data-e-type=\"widget\" data-widget_type=\"image.default\">\n\t\t\t\t<div class=\"elementor-widget-container\">\n\t\t\t\t\t\t\t\t\t\t\t\t\t\t\t<img decoding=\"async\" src=\"https:\/\/forumobywatelskie.transportgzm.pl\/wp-content\/uploads\/elementor\/thumbs\/creatopy-sgIgF8xKY8o-unsplash-qutxsdj8wab9d9blon12ehptunxa28lxn9bfy40u0w.jpg\" title=\"creatopy-sgIgF8xKY8o-unsplash\" alt=\"creatopy-sgIgF8xKY8o-unsplash\" loading=\"lazy\" \/>\t\t\t\t\t\t\t\t\t\t\t\t\t\t\t<\/div>\n\t\t\t\t<\/div>\n\t\t\t\t<\/div>\n\t\t\t\t<\/div>\n\t\t\t\t\t<\/div>\n\t\t\t\t<\/div>\n\t\t<div class=\"elementor-element elementor-element-cd58833 e-flex e-con-boxed e-con e-parent\" data-id=\"cd58833\" data-element_type=\"container\" data-e-type=\"container\">\n\t\t\t\t\t<div class=\"e-con-inner\">\n\t\t<div class=\"elementor-element elementor-element-a8a0ce8 e-flex e-con-boxed e-con e-child\" data-id=\"a8a0ce8\" data-element_type=\"container\" data-e-type=\"container\">\n\t\t\t\t\t<div class=\"e-con-inner\">\n\t\t\t\t\t<\/div>\n\t\t\t\t<\/div>\n\t\t\t\t\t<\/div>\n\t\t\t\t<\/div>\n\t\t\t\t<\/div>\n\t\t","protected":false},"excerpt":{"rendered":"<p>Ostateczny sk\u0142ad Forum Do udzia\u0142u w forum zosta\u0142o ostatecznie wylosowanych 48 os\u00f3b. Zgodnie z przyj\u0119tymi wcze\u015bniej kryteriami, osoby te powinny reprezentowa\u0107 r\u00f3\u017cne cechy.\u00a0 Finalnie w tej grupie znalaz\u0142y si\u0119 3 osoby z wykszta\u0142ceniem podstawowym, 17 ze \u015brednim, 5 z zawodowym oraz 23 osoby z wy\u017cszym.\u00a0 Osoby te s\u0105 zr\u00f3\u017cnicowane je\u015bli chodzi o wiek. W przedzia\u0142ach [&hellip;]<\/p>\n","protected":false},"author":2,"featured_media":0,"parent":0,"menu_order":0,"comment_status":"closed","ping_status":"closed","template":"","meta":{"footnotes":""},"class_list":["post-425","page","type-page","status-publish","hentry"],"_links":{"self":[{"href":"https:\/\/forumobywatelskie.transportgzm.pl\/index.php\/wp-json\/wp\/v2\/pages\/425","targetHints":{"allow":["GET"]}}],"collection":[{"href":"https:\/\/forumobywatelskie.transportgzm.pl\/index.php\/wp-json\/wp\/v2\/pages"}],"about":[{"href":"https:\/\/forumobywatelskie.transportgzm.pl\/index.php\/wp-json\/wp\/v2\/types\/page"}],"author":[{"embeddable":true,"href":"https:\/\/forumobywatelskie.transportgzm.pl\/index.php\/wp-json\/wp\/v2\/users\/2"}],"replies":[{"embeddable":true,"href":"https:\/\/forumobywatelskie.transportgzm.pl\/index.php\/wp-json\/wp\/v2\/comments?post=425"}],"version-history":[{"count":58,"href":"https:\/\/forumobywatelskie.transportgzm.pl\/index.php\/wp-json\/wp\/v2\/pages\/425\/revisions"}],"predecessor-version":[{"id":2305,"href":"https:\/\/forumobywatelskie.transportgzm.pl\/index.php\/wp-json\/wp\/v2\/pages\/425\/revisions\/2305"}],"wp:attachment":[{"href":"https:\/\/forumobywatelskie.transportgzm.pl\/index.php\/wp-json\/wp\/v2\/media?parent=425"}],"curies":[{"name":"wp","href":"https:\/\/api.w.org\/{rel}","templated":true}]}}