{"id":432,"date":"2024-09-28T15:28:54","date_gmt":"2024-09-28T13:28:54","guid":{"rendered":"https:\/\/forumobywatelskie2.transportgzm.pl\/?page_id=432"},"modified":"2025-04-30T14:21:51","modified_gmt":"2025-04-30T12:21:51","slug":"materialy-edukacyjne","status":"publish","type":"page","link":"https:\/\/forumobywatelskie.transportgzm.pl\/index.php\/materialy-edukacyjne\/","title":{"rendered":"Materia\u0142y edukacyjne"},"content":{"rendered":"\t\t<div data-elementor-type=\"wp-page\" data-elementor-id=\"432\" class=\"elementor elementor-432\">\n\t\t\t\t<div class=\"elementor-element elementor-element-36cac71 e-flex e-con-boxed e-con e-parent\" data-id=\"36cac71\" data-element_type=\"container\" data-e-type=\"container\">\n\t\t\t\t\t<div class=\"e-con-inner\">\n\t\t\t\t<div class=\"elementor-element elementor-element-7a6b0ec elementor-widget elementor-widget-heading\" data-id=\"7a6b0ec\" data-element_type=\"widget\" data-e-type=\"widget\" data-widget_type=\"heading.default\">\n\t\t\t\t<div class=\"elementor-widget-container\">\n\t\t\t\t\t<h1 class=\"elementor-heading-title elementor-size-default\">Materia\u0142y edukacyjne<\/h1>\t\t\t\t<\/div>\n\t\t\t\t<\/div>\n\t\t\t\t<div class=\"elementor-element elementor-element-1219882 elementor-widget elementor-widget-text-editor\" data-id=\"1219882\" data-element_type=\"widget\" data-e-type=\"widget\" data-widget_type=\"text-editor.default\">\n\t\t\t\t<div class=\"elementor-widget-container\">\n\t\t\t\t\t\t\t\t\t<div id=\"lipsum\"><p><span style=\"color: #000000;\">Pierwszego dnia Forum Ekspertki oraz Eksperci przedstawili prezentacje dotycz\u0105ce szeroko poj\u0119tego transportu publicznego, z naciskiem na specyfik\u0119 obszaru GZM. Ca\u0142a cz\u0119\u015b\u0107 edukacyjna by\u0142a relacjonowana na \u017cywo.\u00a0<\/span><\/p><\/div>\t\t\t\t\t\t\t\t<\/div>\n\t\t\t\t<\/div>\n\t\t\t\t\t<\/div>\n\t\t\t\t<\/div>\n\t\t<div class=\"elementor-element elementor-element-0474de1 e-flex e-con-boxed e-con e-parent\" data-id=\"0474de1\" data-element_type=\"container\" data-e-type=\"container\">\n\t\t\t\t\t<div class=\"e-con-inner\">\n\t\t\t\t<div class=\"elementor-element elementor-element-14da796 elementor-widget__width-initial elementor-widget elementor-widget-html\" data-id=\"14da796\" data-element_type=\"widget\" data-e-type=\"widget\" data-widget_type=\"html.default\">\n\t\t\t\t<div class=\"elementor-widget-container\">\n\t\t\t\t\t<iframe width=\"560\" height=\"315\" src=\"https:\/\/www.youtube.com\/embed\/crSfTx3Qqjk?si=wCN6TzSWJhKl31xm\" title=\"YouTube video player\" frameborder=\"0\" allow=\"accelerometer; autoplay; clipboard-write; encrypted-media; gyroscope; picture-in-picture; web-share\" referrerpolicy=\"strict-origin-when-cross-origin\" allowfullscreen><\/iframe>\t\t\t\t<\/div>\n\t\t\t\t<\/div>\n\t\t<div class=\"elementor-element elementor-element-004c84e e-con-full e-flex e-con e-child\" data-id=\"004c84e\" data-element_type=\"container\" data-e-type=\"container\">\n\t\t\t\t<div class=\"elementor-element elementor-element-f869bb7 elementor-widget elementor-widget-text-editor\" data-id=\"f869bb7\" data-element_type=\"widget\" data-e-type=\"widget\" data-widget_type=\"text-editor.default\">\n\t\t\t\t<div class=\"elementor-widget-container\">\n\t\t\t\t\t\t\t\t\t<p><span style=\"color: #000000;\">Podczas dnia edukacyjnego wyst\u0105pi\u0142o 5 os\u00f3b. Z uwagi na fakt, \u017ce Forum Obywatelskie jest pierwszym w Polsce procesem deliberacyjnym, kt\u00f3ry podejmuje kwestie metropolitalne &#8211; takie, kt\u00f3re nie dotycz\u0105 tylko jednego miasta czy gminy, na pocz\u0105tku wyst\u0105pi\u0142y osoby zwi\u0105zane z G\u00f3rno\u015bl\u0105sko-Zag\u0142\u0119biowsk\u0105 Metropoli\u0105, by przedstawi\u0107 charakterystyk\u0119 i z\u0142o\u017cono\u015b\u0107 systemu transportu publicznego w naszym regionie. Prezentacje rozpocz\u0105\u0142 Grzegorz Kwitek, cz\u0142onek zarz\u0105du G\u00f3rno\u015bl\u0105sko-Zag\u0142\u0119biowskiej Metropolii. Opowiedzia\u0142 o roli Metropolii w kszta\u0142towaniu transportu publicznego. Mariusz Dziesi\u0144ski, zast\u0119pca dyrektora Departamentu Komunikacji i Transportu w Urz\u0119dzie Metropolitalnym zaprezentowa\u0142 z\u0142o\u017cono\u015b\u0107 struktur organizacyjnych zwi\u0105zanych z transportem w Metropolii. Paulina Sylwestrzak, G\u0142\u00f3wna Specjalistka w Wydziale Zr\u00f3wnowa\u017conej Mobilno\u015bci w Departamencie Komunikacji i Transportu scharakteryzowa\u0142a narz\u0119dzia wykorzystywane do planowania transportu publicznego. Dr in\u017c. arch. Iwona Benek poruszy\u0142a kwestie zwi\u0105zane z dost\u0119pno\u015bci\u0105 transportu publicznego w kontek\u015bcie infrastruktury i pojazd\u00f3w. Dr in\u017c. Bogus\u0142aw Molecki przedstawi\u0142 r\u00f3\u017cne podej\u015bcia do planowania zmian w transporcie publicznym.\u00a0<\/span><\/p>\t\t\t\t\t\t\t\t<\/div>\n\t\t\t\t<\/div>\n\t\t\t\t<\/div>\n\t\t\t\t\t<\/div>\n\t\t\t\t<\/div>\n\t\t<div class=\"elementor-element elementor-element-a9a322c e-flex e-con-boxed e-con e-parent\" data-id=\"a9a322c\" data-element_type=\"container\" data-e-type=\"container\">\n\t\t\t\t\t<div class=\"e-con-inner\">\n\t\t\t\t<div class=\"elementor-element elementor-element-d39b021 elementor-widget elementor-widget-image\" data-id=\"d39b021\" data-element_type=\"widget\" data-e-type=\"widget\" data-widget_type=\"image.default\">\n\t\t\t\t<div class=\"elementor-widget-container\">\n\t\t\t\t\t\t\t\t\t\t\t\t<figure class=\"wp-caption\">\n\t\t\t\t\t\t\t\t\t\t\t<a href=\"https:\/\/metropoliagzm-my.sharepoint.com\/:b:\/g\/personal\/a_stroinska_metropoliagzm_pl\/ERm-TQkwjctOrQ9-oVrAqqIBtb4cos6Gabv3mdT7qLBBsg?e=jjcjsw\">\n\t\t\t\t\t\t\t<img fetchpriority=\"high\" decoding=\"async\" width=\"300\" height=\"168\" src=\"https:\/\/forumobywatelskie.transportgzm.pl\/wp-content\/uploads\/2024\/10\/1_edu-300x168.jpg\" class=\"attachment-medium size-medium wp-image-1711\" alt=\"Prezentacja Grzegorza Kwitka G\u00f3rno\u015bl\u0105sko-Zag\u0142\u0119biowska Metropolia: Wsp\u00f3\u0142praca, Ludzie, Transport\" srcset=\"https:\/\/forumobywatelskie.transportgzm.pl\/wp-content\/uploads\/2024\/10\/1_edu-300x168.jpg 300w, https:\/\/forumobywatelskie.transportgzm.pl\/wp-content\/uploads\/2024\/10\/1_edu-1024x574.jpg 1024w, https:\/\/forumobywatelskie.transportgzm.pl\/wp-content\/uploads\/2024\/10\/1_edu-768x430.jpg 768w, https:\/\/forumobywatelskie.transportgzm.pl\/wp-content\/uploads\/2024\/10\/1_edu.jpg 1499w\" sizes=\"(max-width: 300px) 100vw, 300px\" \/>\t\t\t\t\t\t\t\t<\/a>\n\t\t\t\t\t\t\t\t\t\t\t<figcaption class=\"widget-image-caption wp-caption-text\">Prezentacja Grzegorza Kwitka: G\u00f3rno\u015bl\u0105sko-Zag\u0142\u0119biowska Metropolia - Wsp\u00f3\u0142praca, Ludzie, Transport<\/figcaption>\n\t\t\t\t\t\t\t\t\t\t<\/figure>\n\t\t\t\t\t\t\t\t\t<\/div>\n\t\t\t\t<\/div>\n\t\t\t\t<div class=\"elementor-element elementor-element-88690de elementor-widget elementor-widget-image\" data-id=\"88690de\" data-element_type=\"widget\" data-e-type=\"widget\" data-widget_type=\"image.default\">\n\t\t\t\t<div class=\"elementor-widget-container\">\n\t\t\t\t\t\t\t\t\t\t\t\t<figure class=\"wp-caption\">\n\t\t\t\t\t\t\t\t\t\t\t<a href=\"https:\/\/metropoliagzm-my.sharepoint.com\/:b:\/g\/personal\/a_stroinska_metropoliagzm_pl\/EcirGzxN7spDvQj9My17nT4B-R54Rz02Oawnn059Gw3wZw?e=Q0jUgD\">\n\t\t\t\t\t\t\t<img decoding=\"async\" width=\"300\" height=\"169\" src=\"https:\/\/forumobywatelskie.transportgzm.pl\/wp-content\/uploads\/2024\/10\/2_edu-300x169.jpg\" class=\"attachment-medium size-medium wp-image-1713\" alt=\"Prezentacja Mariusza Dziesi\u0144skiego Transport publiczny: Kto za co odpowiada i p\u0142aci?\" srcset=\"https:\/\/forumobywatelskie.transportgzm.pl\/wp-content\/uploads\/2024\/10\/2_edu-300x169.jpg 300w, https:\/\/forumobywatelskie.transportgzm.pl\/wp-content\/uploads\/2024\/10\/2_edu-1024x576.jpg 1024w, https:\/\/forumobywatelskie.transportgzm.pl\/wp-content\/uploads\/2024\/10\/2_edu-768x432.jpg 768w, https:\/\/forumobywatelskie.transportgzm.pl\/wp-content\/uploads\/2024\/10\/2_edu.jpg 1499w\" sizes=\"(max-width: 300px) 100vw, 300px\" \/>\t\t\t\t\t\t\t\t<\/a>\n\t\t\t\t\t\t\t\t\t\t\t<figcaption class=\"widget-image-caption wp-caption-text\">Prezentacja Mariusza Dziesi\u0144skiego: Transport publiczny - Kto za co odpowiada i p\u0142aci?<\/figcaption>\n\t\t\t\t\t\t\t\t\t\t<\/figure>\n\t\t\t\t\t\t\t\t\t<\/div>\n\t\t\t\t<\/div>\n\t\t\t\t<div class=\"elementor-element elementor-element-0584d3a elementor-widget elementor-widget-image\" data-id=\"0584d3a\" data-element_type=\"widget\" data-e-type=\"widget\" data-widget_type=\"image.default\">\n\t\t\t\t<div class=\"elementor-widget-container\">\n\t\t\t\t\t\t\t\t\t\t\t\t<figure class=\"wp-caption\">\n\t\t\t\t\t\t\t\t\t\t\t<a href=\"https:\/\/metropoliagzm-my.sharepoint.com\/:b:\/g\/personal\/a_stroinska_metropoliagzm_pl\/EZ7t77bJyB9LhUU8DhFtWMwBE_7QDxIZ1RDF4DWFvk02Tg?e=82h1gy\">\n\t\t\t\t\t\t\t<img decoding=\"async\" width=\"300\" height=\"169\" src=\"https:\/\/forumobywatelskie.transportgzm.pl\/wp-content\/uploads\/2024\/10\/3_edu-300x169.jpg\" class=\"attachment-medium size-medium wp-image-1712\" alt=\"Prezentacja Pauliny Sylwestrzak Transport Publiczny: Jakich narz\u0119dzi u\u017cywamy do projektowania system\u00f3w transportowych?\" srcset=\"https:\/\/forumobywatelskie.transportgzm.pl\/wp-content\/uploads\/2024\/10\/3_edu-300x169.jpg 300w, https:\/\/forumobywatelskie.transportgzm.pl\/wp-content\/uploads\/2024\/10\/3_edu-1024x577.jpg 1024w, https:\/\/forumobywatelskie.transportgzm.pl\/wp-content\/uploads\/2024\/10\/3_edu-768x433.jpg 768w, https:\/\/forumobywatelskie.transportgzm.pl\/wp-content\/uploads\/2024\/10\/3_edu.jpg 1498w\" sizes=\"(max-width: 300px) 100vw, 300px\" \/>\t\t\t\t\t\t\t\t<\/a>\n\t\t\t\t\t\t\t\t\t\t\t<figcaption class=\"widget-image-caption wp-caption-text\">Prezentacja Pauliny Sylwestrzak: Transport Publiczny - Jakich narz\u0119dzi u\u017cywamy do projektowania system\u00f3w transportowych?<\/figcaption>\n\t\t\t\t\t\t\t\t\t\t<\/figure>\n\t\t\t\t\t\t\t\t\t<\/div>\n\t\t\t\t<\/div>\n\t\t\t\t\t<\/div>\n\t\t\t\t<\/div>\n\t\t<div class=\"elementor-element elementor-element-845a1b5 e-flex e-con-boxed e-con e-parent\" data-id=\"845a1b5\" data-element_type=\"container\" data-e-type=\"container\">\n\t\t\t\t\t<div class=\"e-con-inner\">\n\t\t\t\t<div class=\"elementor-element elementor-element-26b00e6 elementor-widget elementor-widget-image\" data-id=\"26b00e6\" data-element_type=\"widget\" data-e-type=\"widget\" data-widget_type=\"image.default\">\n\t\t\t\t<div class=\"elementor-widget-container\">\n\t\t\t\t\t\t\t\t\t\t\t\t<figure class=\"wp-caption\">\n\t\t\t\t\t\t\t\t\t\t\t<a href=\"https:\/\/metropoliagzm-my.sharepoint.com\/:b:\/g\/personal\/a_stroinska_metropoliagzm_pl\/EWOOX1ZuZrhNikA0dAcoWyEB-krh8w9UBu1Srgn3E_DE2w?e=abi4K0\">\n\t\t\t\t\t\t\t<img loading=\"lazy\" decoding=\"async\" width=\"300\" height=\"169\" src=\"https:\/\/forumobywatelskie.transportgzm.pl\/wp-content\/uploads\/2024\/10\/Projekt-bez-nazwy-1-300x169.png\" class=\"attachment-medium size-medium wp-image-1998\" alt=\"Prezentacja Iwony Benek Dost\u0119pno\u015b\u0107 Architektoniczna\" srcset=\"https:\/\/forumobywatelskie.transportgzm.pl\/wp-content\/uploads\/2024\/10\/Projekt-bez-nazwy-1-300x169.png 300w, https:\/\/forumobywatelskie.transportgzm.pl\/wp-content\/uploads\/2024\/10\/Projekt-bez-nazwy-1-1024x576.png 1024w, https:\/\/forumobywatelskie.transportgzm.pl\/wp-content\/uploads\/2024\/10\/Projekt-bez-nazwy-1-768x432.png 768w, https:\/\/forumobywatelskie.transportgzm.pl\/wp-content\/uploads\/2024\/10\/Projekt-bez-nazwy-1.png 1499w\" sizes=\"(max-width: 300px) 100vw, 300px\" \/>\t\t\t\t\t\t\t\t<\/a>\n\t\t\t\t\t\t\t\t\t\t\t<figcaption class=\"widget-image-caption wp-caption-text\">Prezentacja Iwony Benek: Dost\u0119pno\u015b\u0107 Architektoniczna<\/figcaption>\n\t\t\t\t\t\t\t\t\t\t<\/figure>\n\t\t\t\t\t\t\t\t\t<\/div>\n\t\t\t\t<\/div>\n\t\t<div class=\"elementor-element elementor-element-81024c5 e-con-full e-flex e-con e-child\" data-id=\"81024c5\" data-element_type=\"container\" data-e-type=\"container\">\n\t\t\t\t<div class=\"elementor-element elementor-element-2deb8ea elementor-widget elementor-widget-image\" data-id=\"2deb8ea\" data-element_type=\"widget\" data-e-type=\"widget\" data-widget_type=\"image.default\">\n\t\t\t\t<div class=\"elementor-widget-container\">\n\t\t\t\t\t\t\t\t\t\t\t\t<figure class=\"wp-caption\">\n\t\t\t\t\t\t\t\t\t\t\t<a href=\"https:\/\/metropoliagzm-my.sharepoint.com\/:b:\/g\/personal\/a_stroinska_metropoliagzm_pl\/EWOOX1ZuZrhNikA0dAcoWyEB-krh8w9UBu1Srgn3E_DE2w?e=abi4K0\">\n\t\t\t\t\t\t\t<img loading=\"lazy\" decoding=\"async\" width=\"300\" height=\"169\" src=\"https:\/\/forumobywatelskie.transportgzm.pl\/wp-content\/uploads\/2024\/10\/Projekt-bez-nazwy-2-300x169.png\" class=\"attachment-medium size-medium wp-image-1999\" alt=\"Prezentacja Bogus\u0142awa Moleckiego Atrakcyjny Transport Publiczny\" srcset=\"https:\/\/forumobywatelskie.transportgzm.pl\/wp-content\/uploads\/2024\/10\/Projekt-bez-nazwy-2-300x169.png 300w, https:\/\/forumobywatelskie.transportgzm.pl\/wp-content\/uploads\/2024\/10\/Projekt-bez-nazwy-2-1024x576.png 1024w, https:\/\/forumobywatelskie.transportgzm.pl\/wp-content\/uploads\/2024\/10\/Projekt-bez-nazwy-2-768x432.png 768w, https:\/\/forumobywatelskie.transportgzm.pl\/wp-content\/uploads\/2024\/10\/Projekt-bez-nazwy-2.png 1499w\" sizes=\"(max-width: 300px) 100vw, 300px\" \/>\t\t\t\t\t\t\t\t<\/a>\n\t\t\t\t\t\t\t\t\t\t\t<figcaption class=\"widget-image-caption wp-caption-text\">Prezentacja Bogus\u0142awa Moleckiego: Atrakcyjny Transport Publiczny<\/figcaption>\n\t\t\t\t\t\t\t\t\t\t<\/figure>\n\t\t\t\t\t\t\t\t\t<\/div>\n\t\t\t\t<\/div>\n\t\t\t\t<\/div>\n\t\t\t\t\t<\/div>\n\t\t\t\t<\/div>\n\t\t<div class=\"elementor-element elementor-element-255852c e-flex e-con-boxed e-con e-parent\" data-id=\"255852c\" data-element_type=\"container\" data-e-type=\"container\">\n\t\t\t\t\t<div class=\"e-con-inner\">\n\t\t\t\t<div class=\"elementor-element elementor-element-21f307f elementor-widget elementor-widget-text-editor\" data-id=\"21f307f\" data-element_type=\"widget\" data-e-type=\"widget\" data-widget_type=\"text-editor.default\">\n\t\t\t\t<div class=\"elementor-widget-container\">\n\t\t\t\t\t\t\t\t\t<p><span style=\"color: #000000;\">Drugiego dnia forum faza edukacyjna zosta\u0142a uzupe\u0142niona o prezentacj\u0119 Artura Zaj\u0105ca, dyrektora pion\u00f3w przewoz\u00f3w warszawskiego ZTM.\u00a0<\/span><\/p>\t\t\t\t\t\t\t\t<\/div>\n\t\t\t\t<\/div>\n\t\t\t\t\t<\/div>\n\t\t\t\t<\/div>\n\t\t<div class=\"elementor-element elementor-element-340abcd e-flex e-con-boxed e-con e-parent\" data-id=\"340abcd\" data-element_type=\"container\" data-e-type=\"container\">\n\t\t\t\t\t<div class=\"e-con-inner\">\n\t\t\t\t<div class=\"elementor-element elementor-element-60e9b32 elementor-widget__width-initial elementor-widget elementor-widget-video\" data-id=\"60e9b32\" data-element_type=\"widget\" data-e-type=\"widget\" data-settings=\"{&quot;youtube_url&quot;:&quot;https:\\\/\\\/www.youtube.com\\\/watch?v=Mcotdcvqlo0&quot;,&quot;video_type&quot;:&quot;youtube&quot;,&quot;controls&quot;:&quot;yes&quot;}\" data-widget_type=\"video.default\">\n\t\t\t\t<div class=\"elementor-widget-container\">\n\t\t\t\t\t\t\t<div class=\"elementor-wrapper elementor-open-inline\">\n\t\t\t<div class=\"elementor-video\"><\/div>\t\t<\/div>\n\t\t\t\t\t\t<\/div>\n\t\t\t\t<\/div>\n\t\t\t\t\t<\/div>\n\t\t\t\t<\/div>\n\t\t<div class=\"elementor-element elementor-element-9fed6fb e-flex e-con-boxed e-con e-parent\" data-id=\"9fed6fb\" data-element_type=\"container\" data-e-type=\"container\">\n\t\t\t\t\t<div class=\"e-con-inner\">\n\t\t\t\t\t<\/div>\n\t\t\t\t<\/div>\n\t\t<div class=\"elementor-element elementor-element-94804da e-flex e-con-boxed e-con e-parent\" data-id=\"94804da\" data-element_type=\"container\" data-e-type=\"container\">\n\t\t\t\t\t<div class=\"e-con-inner\">\n\t\t\t\t<div class=\"elementor-element elementor-element-194a416 elementor-widget elementor-widget-spacer\" data-id=\"194a416\" data-element_type=\"widget\" data-e-type=\"widget\" data-widget_type=\"spacer.default\">\n\t\t\t\t<div class=\"elementor-widget-container\">\n\t\t\t\t\t\t\t<div class=\"elementor-spacer\">\n\t\t\t<div class=\"elementor-spacer-inner\"><\/div>\n\t\t<\/div>\n\t\t\t\t\t\t<\/div>\n\t\t\t\t<\/div>\n\t\t\t\t\t<\/div>\n\t\t\t\t<\/div>\n\t\t<div class=\"elementor-element elementor-element-a891f88 e-flex e-con-boxed e-con e-parent\" data-id=\"a891f88\" data-element_type=\"container\" data-e-type=\"container\">\n\t\t\t\t\t<div class=\"e-con-inner\">\n\t\t\t\t<div class=\"elementor-element elementor-element-a3a4322 elementor-widget elementor-widget-text-editor\" data-id=\"a3a4322\" data-element_type=\"widget\" data-e-type=\"widget\" data-widget_type=\"text-editor.default\">\n\t\t\t\t<div class=\"elementor-widget-container\">\n\t\t\t\t\t\t\t\t\t<div><div class=\"scriptor-paragraph\"><span style=\"color: #000000;\">Forum obywatelskie jest drugim etapem projektu Jak otworzy\u0107 kolej na mieszka\u0144c\u00f3w prowadzonego przez G\u00f3rno\u015bl\u0105sko-Zag\u0142\u0119biowsk\u0105 Metropoli\u0119 we wsp\u00f3\u0142pracy z Centrum Unijnych Projekt\u00f3w Transportowych, Fundacj\u0105 na rzecz Studi\u00f3w Europejskich i Sp\u00f3\u0142dzielni\u0105 Socjaln\u0105 FADO, pod patronatem Organizacji Wsp\u00f3\u0142pracy Gospodarczej i Rozwoju (OECD).<\/span><\/div><div class=\"scriptor-paragraph\"><span style=\"color: #000000;\">W pierwszym etapie realizowali\u015bmy spacery badawcze w otoczeniu stacji i przystank\u00f3w kolejowych po\u0142o\u017conych przy linii kolejowej biegn\u0105cej od Chorzowa Batorego do Tarnowskich G\u00f3r.\u00a0<\/span><\/div><div class=\"scriptor-paragraph\"><span style=\"color: #000000;\">Zach\u0119camy do zapoznania si\u0119 z <a style=\"color: #000000;\" href=\"https:\/\/metropoliagzm.pl\/2023\/09\/18\/kolej-metropolitalna-jakie-bedzie-otoczenie-wokol-stacji-wnioski-z-badan\/\">raportami ze spacer\u00f3w<\/a>.\u00a0<\/span><\/div><p><!--ScriptorEndFragment--><\/p><\/div>\t\t\t\t\t\t\t\t<\/div>\n\t\t\t\t<\/div>\n\t\t\t\t\t<\/div>\n\t\t\t\t<\/div>\n\t\t<div class=\"elementor-element elementor-element-07db83b e-grid e-con-boxed e-con e-parent\" data-id=\"07db83b\" data-element_type=\"container\" data-e-type=\"container\">\n\t\t\t\t\t<div class=\"e-con-inner\">\n\t\t\t\t\t<\/div>\n\t\t\t\t<\/div>\n\t\t\t\t<\/div>\n\t\t","protected":false},"excerpt":{"rendered":"<p>Materia\u0142y edukacyjne Pierwszego dnia Forum Ekspertki oraz Eksperci przedstawili prezentacje dotycz\u0105ce szeroko poj\u0119tego transportu publicznego, z naciskiem na specyfik\u0119 obszaru GZM. Ca\u0142a cz\u0119\u015b\u0107 edukacyjna by\u0142a relacjonowana na \u017cywo.\u00a0 Podczas dnia edukacyjnego wyst\u0105pi\u0142o 5 os\u00f3b. Z uwagi na fakt, \u017ce Forum Obywatelskie jest pierwszym w Polsce procesem deliberacyjnym, kt\u00f3ry podejmuje kwestie metropolitalne &#8211; takie, kt\u00f3re nie [&hellip;]<\/p>\n","protected":false},"author":2,"featured_media":0,"parent":0,"menu_order":0,"comment_status":"closed","ping_status":"closed","template":"","meta":{"footnotes":""},"class_list":["post-432","page","type-page","status-publish","hentry"],"_links":{"self":[{"href":"https:\/\/forumobywatelskie.transportgzm.pl\/index.php\/wp-json\/wp\/v2\/pages\/432","targetHints":{"allow":["GET"]}}],"collection":[{"href":"https:\/\/forumobywatelskie.transportgzm.pl\/index.php\/wp-json\/wp\/v2\/pages"}],"about":[{"href":"https:\/\/forumobywatelskie.transportgzm.pl\/index.php\/wp-json\/wp\/v2\/types\/page"}],"author":[{"embeddable":true,"href":"https:\/\/forumobywatelskie.transportgzm.pl\/index.php\/wp-json\/wp\/v2\/users\/2"}],"replies":[{"embeddable":true,"href":"https:\/\/forumobywatelskie.transportgzm.pl\/index.php\/wp-json\/wp\/v2\/comments?post=432"}],"version-history":[{"count":133,"href":"https:\/\/forumobywatelskie.transportgzm.pl\/index.php\/wp-json\/wp\/v2\/pages\/432\/revisions"}],"predecessor-version":[{"id":2367,"href":"https:\/\/forumobywatelskie.transportgzm.pl\/index.php\/wp-json\/wp\/v2\/pages\/432\/revisions\/2367"}],"wp:attachment":[{"href":"https:\/\/forumobywatelskie.transportgzm.pl\/index.php\/wp-json\/wp\/v2\/media?parent=432"}],"curies":[{"name":"wp","href":"https:\/\/api.w.org\/{rel}","templated":true}]}}