{"id":434,"date":"2024-09-28T15:29:09","date_gmt":"2024-09-28T13:29:09","guid":{"rendered":"https:\/\/forumobywatelskie2.transportgzm.pl\/?page_id=434"},"modified":"2026-01-29T12:42:42","modified_gmt":"2026-01-29T11:42:42","slug":"rekomendacje-i-raport","status":"publish","type":"page","link":"https:\/\/forumobywatelskie.transportgzm.pl\/index.php\/rekomendacje-i-raport\/","title":{"rendered":"Rekomendacje i raport"},"content":{"rendered":"\t\t<div data-elementor-type=\"wp-page\" data-elementor-id=\"434\" class=\"elementor elementor-434\">\n\t\t\t\t<div class=\"elementor-element elementor-element-245c96f e-flex e-con-boxed e-con e-parent\" data-id=\"245c96f\" data-element_type=\"container\" data-e-type=\"container\">\n\t\t\t\t\t<div class=\"e-con-inner\">\n\t\t\t\t<div class=\"elementor-element elementor-element-7ec5d06 elementor-widget elementor-widget-heading\" data-id=\"7ec5d06\" data-element_type=\"widget\" data-e-type=\"widget\" data-widget_type=\"heading.default\">\n\t\t\t\t<div class=\"elementor-widget-container\">\n\t\t\t\t\t<h1 class=\"elementor-heading-title elementor-size-default\">Rekomendacje i raport<\/h1>\t\t\t\t<\/div>\n\t\t\t\t<\/div>\n\t\t\t\t\t<\/div>\n\t\t\t\t<\/div>\n\t\t<div class=\"elementor-element elementor-element-624965f e-flex e-con-boxed e-con e-parent\" data-id=\"624965f\" data-element_type=\"container\" data-e-type=\"container\">\n\t\t\t\t\t<div class=\"e-con-inner\">\n\t\t<div class=\"elementor-element elementor-element-bee505c e-con-full e-flex e-con e-child\" data-id=\"bee505c\" data-element_type=\"container\" data-e-type=\"container\">\n\t\t\t\t<div class=\"elementor-element elementor-element-60dfe75 elementor-widget__width-initial elementor-widget elementor-widget-image\" data-id=\"60dfe75\" data-element_type=\"widget\" data-e-type=\"widget\" data-widget_type=\"image.default\">\n\t\t\t\t<div class=\"elementor-widget-container\">\n\t\t\t\t\t\t\t\t\t\t\t\t\t\t\t<img fetchpriority=\"high\" decoding=\"async\" width=\"1280\" height=\"720\" src=\"https:\/\/forumobywatelskie.transportgzm.pl\/wp-content\/uploads\/2024\/10\/na-strone_png_Obszar-roboczy-1.png\" class=\"attachment-full size-full wp-image-1646\" alt=\"\" srcset=\"https:\/\/forumobywatelskie.transportgzm.pl\/wp-content\/uploads\/2024\/10\/na-strone_png_Obszar-roboczy-1.png 1280w, https:\/\/forumobywatelskie.transportgzm.pl\/wp-content\/uploads\/2024\/10\/na-strone_png_Obszar-roboczy-1-300x169.png 300w, https:\/\/forumobywatelskie.transportgzm.pl\/wp-content\/uploads\/2024\/10\/na-strone_png_Obszar-roboczy-1-1024x576.png 1024w, https:\/\/forumobywatelskie.transportgzm.pl\/wp-content\/uploads\/2024\/10\/na-strone_png_Obszar-roboczy-1-768x432.png 768w\" sizes=\"(max-width: 1280px) 100vw, 1280px\" \/>\t\t\t\t\t\t\t\t\t\t\t\t\t\t\t<\/div>\n\t\t\t\t<\/div>\n\t\t\t\t<\/div>\n\t\t<div class=\"elementor-element elementor-element-679cdd6 e-con-full e-flex e-con e-child\" data-id=\"679cdd6\" data-element_type=\"container\" data-e-type=\"container\">\n\t\t\t\t<div class=\"elementor-element elementor-element-f1b52b7 elementor-widget elementor-widget-text-editor\" data-id=\"f1b52b7\" data-element_type=\"widget\" data-e-type=\"widget\" data-widget_type=\"text-editor.default\">\n\t\t\t\t<div class=\"elementor-widget-container\">\n\t\t\t\t\t\t\t\t\t<p><span style=\"color: #000000;\">Rekomendacje wypracowane przez uczestnik\u00f3w Forum Obywatelskiego. Po zako\u0144czeniu forum Realizator &#8211; FEPS zgodnie z regulaminem czeka\u0142 na zdanie odr\u0119bne odno\u015bnie g\u0142osowania. Nikt nie zg\u0142osi\u0142 zdania odr\u0119bnego. 20 listopada 2024 roku rekomendacje zosta\u0142y wys\u0142ane do wszystkich jednostek, kt\u00f3re zajmuj\u0105 si\u0119 tematami zwi\u0105zanymi z transportem publicznym poruszonymi w rekomendacjach oraz do gmin.\u00a0<\/span><\/p><p><span style=\"color: #000000;\">Mieszka\u0144cy otrzymaj\u0105 informacj\u0119 zwrotn\u0105, czy dana rekomendacja jest mo\u017cliwa do wdro\u017cenia. Je\u015bli tak, odpowied\u017a zawiera\u0107 b\u0119dzie informacj\u0119, kiedy to nast\u0105pi. Je\u015bli wdro\u017cenie nie b\u0119dzie mo\u017cliwe, odpowied\u017a zawiera\u0107 b\u0119dzie uzasadnienie. Informacja zwrotna zostanie udzielona w ci\u0105gu 3 miesi\u0119cy.<\/span><\/p><p><span style=\"color: #000000;\"><a style=\"color: #000000;\" href=\"https:\/\/forumobywatelskie.transportgzm.pl\/wp-content\/uploads\/2025\/04\/Rekomendacje-z-Forum-Obywatelskiego.pdf\">Rekomendacje Forum Obywatelskiego.pdf<\/a><\/span><\/p><p><span style=\"color: #000000;\"><strong>Raport z Forum Obywatelskiego<\/strong> <a style=\"color: #000000;\" href=\"https:\/\/metropoliagzm-my.sharepoint.com\/:b:\/g\/personal\/a_stroinska_metropoliagzm_pl\/EfFzh8MuIlNLkFdkZlHHqu8BwX6m9GlXyqZVuKYfPE02FA?e=vSZSik\">Forum obywatelskie &#8211; raport z realizacji.pdf<\/a><\/span><\/p><p><span style=\"color: #000000;\">Poni\u017cej przedstawiamy odpowiedzi na rekomendacje w czterech pierwszych obszarach:<\/span><\/p><ol><li>Czy i jak ma wygl\u0105da\u0107 system przesiadkowy?<\/li><li>Jak maj\u0105 wygl\u0105da\u0107 dowozy do przesiadek?<\/li><li>Jakich analiz potrzebujemy?<\/li><li>Kto ma tym wszystkim zarz\u0105dza\u0107?<\/li><\/ol><p>Wci\u0105\u017c pracujemy nad odpowiedziami na rekomendacje dla obszar\u00f3w wymienionych poni\u017cej:<\/p><ul><li>Jakie powinny by\u0107 standardy w\u0119z\u0142a, dworca, przystanku?<\/li><li>Jakiego transportu zbiorowego potrzebujemy?<\/li><li>Jak powinna wygl\u0105da\u0107 informacja pasa\u017cerska?<\/li><li>Co jeszcze b\u0119dzie nas wspiera\u0107 w przesiadaniu si\u0119?<\/li><\/ul><p>\u00a0<\/p><p><strong><a href=\"https:\/\/forumobywatelskie.transportgzm.pl\/wp-content\/uploads\/2026\/01\/Zbiorcze-odpowiedzi-na-rekomendacje.pdf\">Zbiorcze odpowiedzi na rekomendacje<\/a><\/strong><\/p>\t\t\t\t\t\t\t\t<\/div>\n\t\t\t\t<\/div>\n\t\t\t\t<\/div>\n\t\t\t\t\t<\/div>\n\t\t\t\t<\/div>\n\t\t\t\t<\/div>\n\t\t","protected":false},"excerpt":{"rendered":"<p>Rekomendacje i raport Rekomendacje wypracowane przez uczestnik\u00f3w Forum Obywatelskiego. Po zako\u0144czeniu forum Realizator &#8211; FEPS zgodnie z regulaminem czeka\u0142 na zdanie odr\u0119bne odno\u015bnie g\u0142osowania. Nikt nie zg\u0142osi\u0142 zdania odr\u0119bnego. 20 listopada 2024 roku rekomendacje zosta\u0142y wys\u0142ane do wszystkich jednostek, kt\u00f3re zajmuj\u0105 si\u0119 tematami zwi\u0105zanymi z transportem publicznym poruszonymi w rekomendacjach oraz do gmin.\u00a0 Mieszka\u0144cy otrzymaj\u0105 [&hellip;]<\/p>\n","protected":false},"author":2,"featured_media":0,"parent":0,"menu_order":0,"comment_status":"closed","ping_status":"closed","template":"","meta":{"footnotes":""},"class_list":["post-434","page","type-page","status-publish","hentry"],"_links":{"self":[{"href":"https:\/\/forumobywatelskie.transportgzm.pl\/index.php\/wp-json\/wp\/v2\/pages\/434","targetHints":{"allow":["GET"]}}],"collection":[{"href":"https:\/\/forumobywatelskie.transportgzm.pl\/index.php\/wp-json\/wp\/v2\/pages"}],"about":[{"href":"https:\/\/forumobywatelskie.transportgzm.pl\/index.php\/wp-json\/wp\/v2\/types\/page"}],"author":[{"embeddable":true,"href":"https:\/\/forumobywatelskie.transportgzm.pl\/index.php\/wp-json\/wp\/v2\/users\/2"}],"replies":[{"embeddable":true,"href":"https:\/\/forumobywatelskie.transportgzm.pl\/index.php\/wp-json\/wp\/v2\/comments?post=434"}],"version-history":[{"count":88,"href":"https:\/\/forumobywatelskie.transportgzm.pl\/index.php\/wp-json\/wp\/v2\/pages\/434\/revisions"}],"predecessor-version":[{"id":2441,"href":"https:\/\/forumobywatelskie.transportgzm.pl\/index.php\/wp-json\/wp\/v2\/pages\/434\/revisions\/2441"}],"wp:attachment":[{"href":"https:\/\/forumobywatelskie.transportgzm.pl\/index.php\/wp-json\/wp\/v2\/media?parent=434"}],"curies":[{"name":"wp","href":"https:\/\/api.w.org\/{rel}","templated":true}]}}